{"id":1593,"date":"2021-10-04T04:28:30","date_gmt":"2021-10-04T04:28:30","guid":{"rendered":"https:\/\/demo.casethemes.net\/itfirm\/?post_type=product&#038;p=1593"},"modified":"2025-11-12T10:32:44","modified_gmt":"2025-11-12T07:32:44","slug":"app-development","status":"publish","type":"product","link":"https:\/\/ks1teknoloji.com\/?product=app-development","title":{"rendered":"Zemin \u00dcst\u00fc Road Blocker"},"content":{"rendered":"<p>KS1 Teknoloji Olarak Y\u00fcksek g\u00fcvenlik gerektiren nizamiye kurum ve kurulu\u015flar\u0131n giri\u015flerinde kullan\u0131lan bariyer tiplerindendir. Kaz\u0131lma imkan\u0131 olmayan zeminlerde zemin \u00fczerine monte edilerek kullan\u0131l\u0131rlar. K\u0131sa s\u00fcreli kapat\u0131lmak istenilen yollarda ve ge\u00e7i\u015flerde kolay kurulmas\u0131 ve ta\u015f\u0131nabilir yap\u0131da olmas\u0131 sebebiyle olduk\u00e7a pratik ve \u00e7ok talep edilen \u00fcr\u00fcnler aras\u0131ndad\u0131r. Tekerlekli olan modelleri ile ara\u00e7 arkas\u0131na tak\u0131labilir ve \u00e7ekilerek sevk edilebilirler.<\/p>\n<p>Zemin \u00fcst\u00fc Road Blocker sistemlerinin farkl\u0131 \u00e7e\u015fitleri vard\u0131r. Y\u00fczeye montajl\u0131 olan blok yol bariyerleri, yol kesici olarak g\u00f6rev g\u00f6r\u00fcr. Bu \u00fcr\u00fcnler h\u0131zl\u0131 bir \u015fekilde ta\u015f\u0131n\u0131labilir ve zemin \u00fczerinde kaz\u0131 yap\u0131lmadan monte etmek m\u00fcmk\u00fcnd\u00fcr.<\/p>\n<p>Zemin \u00fcst\u00fc Road Blocker sistemleri, hidrolik olarak, pnmatik olarak ve motorlu olarak \u00fc\u00e7 farkl\u0131 tipte imal edilebilirler. \u00dcr\u00fcnlerimiz olduk\u00e7a dayan\u0131kl\u0131d\u0131r. Teknik aks ba\u015f\u0131na y\u00fck dayan\u0131mlar\u0131 bilgileri i\u00e7in ve fiyat bilgisi i\u00e7in bizimle ileti\u015fime ge\u00e7ebilirsiniz.<\/p>\n<p>Bu \u00fcr\u00fcnler, baz\u0131 g\u00fcvenlik sens\u00f6rleri ile birlikte \u00e7ok daha g\u00fcvenli bir kullan\u0131m imkan\u0131 sunar. Zemin \u00fcst\u00fc road blocker sistemi kapal\u0131 iken, ara\u00e7 \u00fczerinden ge\u00e7ti\u011fi esnada sens\u00f6r arac\u0131 g\u00f6r\u00fcr ve kalkmaz. Bu durumda da herhangi bir zarar\u0131n \u00f6n\u00fcne ge\u00e7ilmi\u015f olur.<\/p>\n<p>Bu sistemleri trafik lambas\u0131 ile birlikte de kullanmak m\u00fcmk\u00fcn. Bariyer zemine indi\u011fi zaman ye\u015fil \u0131\u015f\u0131k yanar ve ara\u00e7lar devam eder. Bariyer kalkt\u0131\u011f\u0131 zaman ise k\u0131rm\u0131z\u0131 \u0131\u015f\u0131k yanar.<\/p>\n<p><strong>\u00dcr\u00fcn Fiyat Bilgisi ve Garanti S\u00fcresi:<\/strong><\/p>\n<p>\u00dcr\u00fcnlerin garanti s\u00fcresi ve fiyat bilgisi i\u00e7in ileti\u015fim kanallar\u0131m\u0131z arac\u0131l\u0131\u011f\u0131 ile bizimle ileti\u015fime ge\u00e7ebilirsiniz. G\u00fcncel fiyat bilgisi ise sizin istedi\u011finiz i\u015fe g\u00f6re de\u011fi\u015fecektir. Bizimle ileti\u015fime ge\u00e7erseniz, sizin istedi\u011finiz i\u015fe g\u00f6re g\u00fcncel fiyat bilgisini hemen sizinle payla\u015fabiliriz.<\/p>\n<p>M\u00fc\u015fteri memnuniyetini ana hedef olarak belirleyen firmam\u0131z, uygun fiyatl\u0131 ve kaliteli hizmeti ile sizlerin de hizmetinde.<\/p>\n<p>Gaziantep, Diyarbak\u0131r, \u015eanl\u0131urfa, Batman, Ad\u0131yaman, Siirt, Mardin, Kilis, Erzurum, Erzincan, A\u011fr\u0131, Ardahan, I\u011fd\u0131r, Kars, Malatya, Bing\u00f6l, Mu\u015f, Bitlis, Elaz\u0131\u011f, Tunceli, Van, Hakkari il ve il\u00e7elerinde; uzman teknik ekibimiz ile birlikte, Zemin \u00dcst\u00fc Road Blocker yani Zemin \u00dcst\u00fc Yol Engelleyici sistemlerin sat\u0131\u015f\u0131n\u0131 yap\u0131yoruz. Yol engelleyici sistemler, \u00f6zellikle y\u00fcksek g\u00fcvenlik gerektiren alanlarda etkili bir g\u00fcvenlik \u00e7\u00f6z\u00fcm\u00fcd\u00fcr. Bu sistemler, \u00e7evredeki ve o b\u00f6l\u00fcmdeki can ve mal g\u00fcvenli\u011fini sa\u011flamak i\u00e7in tasarlanm\u0131\u015ft\u0131r.<\/p>\n","protected":false},"excerpt":{"rendered":"<p>Gaziantep, Diyarbak\u0131r, \u015eanl\u0131urfa, Batman, Ad\u0131yaman, Siirt, Mardin, Kilis, Erzurum, Erzincan, A\u011fr\u0131, Ardahan, I\u011fd\u0131r, Kars, Malatya, Bing\u00f6l, Mu\u015f, Bitlis, Elaz\u0131\u011f, Tunceli, Van, Hakkari il ve il\u00e7elerinde; uzman teknik ekibimiz ile birlikte, Zemin \u00dcst\u00fc Road Blocker yani Zemin \u00dcst\u00fc Yol Engelleyici sistemlerin sat\u0131\u015f\u0131n\u0131 yap\u0131yoruz. Yol engelleyici sistemler, \u00f6zellikle y\u00fcksek g\u00fcvenlik gerektiren alanlarda etkili bir g\u00fcvenlik \u00e7\u00f6z\u00fcm\u00fcd\u00fcr. Bu sistemler, \u00e7evredeki ve o b\u00f6l\u00fcmdeki can ve mal g\u00fcvenli\u011fini sa\u011flamak i\u00e7in tasarlanm\u0131\u015ft\u0131r.<\/p>\n","protected":false},"featured_media":10608,"comment_status":"open","ping_status":"closed","template":"","meta":[],"product_brand":[],"product_cat":[12],"product_tag":[25,14],"class_list":{"0":"post-1593","1":"product","2":"type-product","3":"status-publish","4":"has-post-thumbnail","6":"product_cat-guvenlik-urunleri","7":"product_tag-marketing","8":"product_tag-yol-guvenlik","10":"first","11":"instock","12":"shipping-taxable","13":"product-type-simple"},"_links":{"self":[{"href":"https:\/\/ks1teknoloji.com\/index.php?rest_route=\/wp\/v2\/product\/1593","targetHints":{"allow":["GET"]}}],"collection":[{"href":"https:\/\/ks1teknoloji.com\/index.php?rest_route=\/wp\/v2\/product"}],"about":[{"href":"https:\/\/ks1teknoloji.com\/index.php?rest_route=\/wp\/v2\/types\/product"}],"replies":[{"embeddable":true,"href":"https:\/\/ks1teknoloji.com\/index.php?rest_route=%2Fwp%2Fv2%2Fcomments&post=1593"}],"wp:featuredmedia":[{"embeddable":true,"href":"https:\/\/ks1teknoloji.com\/index.php?rest_route=\/wp\/v2\/media\/10608"}],"wp:attachment":[{"href":"https:\/\/ks1teknoloji.com\/index.php?rest_route=%2Fwp%2Fv2%2Fmedia&parent=1593"}],"wp:term":[{"taxonomy":"product_brand","embeddable":true,"href":"https:\/\/ks1teknoloji.com\/index.php?rest_route=%2Fwp%2Fv2%2Fproduct_brand&post=1593"},{"taxonomy":"product_cat","embeddable":true,"href":"https:\/\/ks1teknoloji.com\/index.php?rest_route=%2Fwp%2Fv2%2Fproduct_cat&post=1593"},{"taxonomy":"product_tag","embeddable":true,"href":"https:\/\/ks1teknoloji.com\/index.php?rest_route=%2Fwp%2Fv2%2Fproduct_tag&post=1593"}],"curies":[{"name":"wp","href":"https:\/\/api.w.org\/{rel}","templated":true}]}}