{"id":1590,"date":"2021-10-04T04:28:30","date_gmt":"2021-10-04T04:28:30","guid":{"rendered":"https:\/\/demo.casethemes.net\/itfirm\/?post_type=product&#038;p=1590"},"modified":"2025-11-12T11:17:41","modified_gmt":"2025-11-12T08:17:41","slug":"the-visual-mba","status":"publish","type":"product","link":"https:\/\/ks1teknoloji.com\/?product=the-visual-mba","title":{"rendered":"Kapan Bariyer"},"content":{"rendered":"<h3>Kapan Bariyer<\/h3>\n<p>Y\u00fcksek g\u00fcvenlik gerektiren mekanlarda timsah di\u015fi kapanlar, s\u0131cak dald\u0131rma galvaniz kapl\u0131 di\u015fleri ve lazer kesim mono blok (kaynaks\u0131z) p\u00fcr\u00fczs\u00fcz g\u00f6vde yap\u0131s\u0131yla uzun y\u0131llar paslanma ve a\u015f\u0131nma gibi etkenlere kar\u015f\u0131 ilk g\u00fcnk\u00fc yap\u0131s\u0131n\u0131 koruyabilmektedir.<\/p>\n<p>G\u00f6vde, mono blok yap\u0131s\u0131ndan dolay\u0131, mevsim ko\u015fullar\u0131ndan kaynaklanan her t\u00fcrl\u00fc olumsuz etmene kar\u015f\u0131 dayan\u0131kl\u0131d\u0131r. 15 ve 30 ton aks y\u00fck\u00fcne g\u00f6re iki farkl\u0131 tipte \u00fcretilmektedir.<\/p>\n<p>Kullan\u0131m yerinize g\u00f6re istenilen aks a\u011f\u0131rl\u0131\u011f\u0131na dayan\u0131kl\u0131 kapan bariyerlerimiz se\u00e7ebilirsiniz<\/p>\n","protected":false},"excerpt":{"rendered":"<h3>Kapan Bariyer<\/h3>\n<p>Y\u00fcksek g\u00fcvenlik gerektiren mekanlarda timsah di\u015fi kapanlar, s\u0131cak dald\u0131rma galvaniz kapl\u0131 di\u015fleri ve lazer kesim mono blok (kaynaks\u0131z) p\u00fcr\u00fczs\u00fcz g\u00f6vde yap\u0131s\u0131yla uzun y\u0131llar paslanma ve a\u015f\u0131nma gibi etkenlere kar\u015f\u0131 ilk g\u00fcnk\u00fc yap\u0131s\u0131n\u0131 koruyabilmektedir.<\/p>\n<p>G\u00f6vde, mono blok yap\u0131s\u0131ndan dolay\u0131, mevsim ko\u015fullar\u0131ndan kaynaklanan her t\u00fcrl\u00fc olumsuz etmene kar\u015f\u0131 dayan\u0131kl\u0131d\u0131r. 15 ve 30 ton aks y\u00fck\u00fcne g\u00f6re iki farkl\u0131 tipte \u00fcretilmektedir.<\/p>\n<p>Kullan\u0131m yerinize g\u00f6re istenilen aks a\u011f\u0131rl\u0131\u011f\u0131na dayan\u0131kl\u0131 kapan bariyerlerimiz se\u00e7ebilirsiniz<\/p>\n","protected":false},"featured_media":10614,"comment_status":"open","ping_status":"closed","template":"","meta":[],"product_brand":[],"product_cat":[12],"product_tag":[],"class_list":{"0":"post-1590","1":"product","2":"type-product","3":"status-publish","4":"has-post-thumbnail","6":"product_cat-guvenlik-urunleri","8":"first","9":"instock","10":"shipping-taxable","11":"product-type-simple"},"_links":{"self":[{"href":"https:\/\/ks1teknoloji.com\/index.php?rest_route=\/wp\/v2\/product\/1590","targetHints":{"allow":["GET"]}}],"collection":[{"href":"https:\/\/ks1teknoloji.com\/index.php?rest_route=\/wp\/v2\/product"}],"about":[{"href":"https:\/\/ks1teknoloji.com\/index.php?rest_route=\/wp\/v2\/types\/product"}],"replies":[{"embeddable":true,"href":"https:\/\/ks1teknoloji.com\/index.php?rest_route=%2Fwp%2Fv2%2Fcomments&post=1590"}],"wp:featuredmedia":[{"embeddable":true,"href":"https:\/\/ks1teknoloji.com\/index.php?rest_route=\/wp\/v2\/media\/10614"}],"wp:attachment":[{"href":"https:\/\/ks1teknoloji.com\/index.php?rest_route=%2Fwp%2Fv2%2Fmedia&parent=1590"}],"wp:term":[{"taxonomy":"product_brand","embeddable":true,"href":"https:\/\/ks1teknoloji.com\/index.php?rest_route=%2Fwp%2Fv2%2Fproduct_brand&post=1590"},{"taxonomy":"product_cat","embeddable":true,"href":"https:\/\/ks1teknoloji.com\/index.php?rest_route=%2Fwp%2Fv2%2Fproduct_cat&post=1590"},{"taxonomy":"product_tag","embeddable":true,"href":"https:\/\/ks1teknoloji.com\/index.php?rest_route=%2Fwp%2Fv2%2Fproduct_tag&post=1590"}],"curies":[{"name":"wp","href":"https:\/\/api.w.org\/{rel}","templated":true}]}}