{"id":1589,"date":"2021-10-04T04:28:30","date_gmt":"2021-10-04T04:28:30","guid":{"rendered":"https:\/\/demo.casethemes.net\/itfirm\/?post_type=product&#038;p=1589"},"modified":"2025-11-12T11:22:39","modified_gmt":"2025-11-12T08:22:39","slug":"business-ideas","status":"publish","type":"product","link":"https:\/\/ks1teknoloji.com\/?product=business-ideas","title":{"rendered":"Kollu Bariyer"},"content":{"rendered":"<h3>Kollu Bariyer<\/h3>\n<ul>\n<li>Genellikle otoparklarda ya da tesislerin y\u00fcksek g\u00fcvenlik gerektirmeyen giri\u015flerinde kullan\u0131l\u0131r.<\/li>\n<li>T\u00fcm giri\u015f-\u00e7\u0131k\u0131\u015f \u00e7al\u0131\u015fma yo\u011funluklar\u0131 i\u00e7in uygulanabilir \u00fcr\u00fcn se\u00e7enekleri mevcuttur.<\/li>\n<li>\u00c7evre \u015fartlar\u0131na dayan\u0131kl\u0131d\u0131r. Do\u011fru \u00fcr\u00fcn se\u00e7imi ile -30\u00b0C ila +55\u00b0C \u00e7al\u0131\u015fma s\u0131cakl\u0131\u011f\u0131 aral\u0131\u011f\u0131 yakalanabilir.<\/li>\n<li>Bariyer a\u00e7\u0131lma s\u00fcresi kol uzunlu\u011funa ve se\u00e7ilen mekanizma t\u00fcr\u00fcne g\u00f6re 1 ile 10 saniye aras\u0131nda de\u011fi\u015fir.<\/li>\n<li>24 V ya da 220 V ile \u00e7al\u0131\u015fan \u00fcr\u00fcn se\u00e7enekleri mevcuttur.<\/li>\n<li>Tedarik ve montaj s\u00fcresi, talep edilen \u00fcr\u00fcn \u00f6zelliklerine g\u00f6re 2 ile 6 i\u015f g\u00fcn\u00fc aras\u0131nda de\u011fi\u015fmektedir.<\/li>\n<li>\u0130stenilen renkte imalat yap\u0131labilir.<\/li>\n<li>Elektromekanik sistem ile \u00e7al\u0131\u015f\u0131r. Uzaktan kumanda ve buton ile kumanda edilir.<\/li>\n<li>Her t\u00fcrl\u00fc elektronik ge\u00e7i\u015f kontrol sistemine uygundur.<\/li>\n<li>Elektrik kesintilerinde motor bo\u015fa ge\u00e7irilerek el ile a\u00e7\u0131l\u0131p kapat\u0131labilir.<\/li>\n<\/ul>\n<p><strong>Mekanizma Se\u00e7enekleri:<\/strong><\/p>\n<ul>\n<li>Standart Mekanizma: Otoparklar i\u00e7in, 2-5 mt kol uzunlu\u011fu, 3-6 saniye a\u00e7\u0131lma s\u00fcresi<\/li>\n<li>End\u00fcstriyel Mekanizma: Geni\u015f fabrika giri\u015fleri i\u00e7in, 6-8 mt kol uzunlu\u011fu, 6-10 saniye a\u00e7\u0131lma s\u00fcresi<\/li>\n<li>Y\u00fcksek H\u0131zl\u0131 Mekanizma: Otoban bariyeridir, 2-4 metre kol uzunlu\u011fu, 1-4 saniye a\u00e7\u0131lma s\u00fcresi<\/li>\n<\/ul>\n<p><strong>Eklenebilir\/De\u011fi\u015ftirilebilir \u00d6zellikler:<\/strong><\/p>\n<ul>\n<li>Ledli kol<\/li>\n<li>Kol alt\u0131 kau\u00e7uk<\/li>\n<li>Kol alt\u0131 perde<\/li>\n<li>Reflekt\u00f6r kol band\u0131<\/li>\n<li>Dairesel kol<\/li>\n<li>D\u00f6rtgen kol<\/li>\n<li>Kol dayanma \u00e7atal\u0131<\/li>\n<li>Baston ayak<\/li>\n<li>Ak\u00fc<\/li>\n<li>Uzaktan kumanda-buton<\/li>\n<li>Uyar\u0131 ve bilgilendirme levhalar\u0131<\/li>\n<\/ul>\n","protected":false},"excerpt":{"rendered":"<h3>Kollu Bariyer<\/h3>\n<ul>\n<li>Genellikle otoparklarda ya da tesislerin y\u00fcksek g\u00fcvenlik gerektirmeyen giri\u015flerinde kullan\u0131l\u0131r.<\/li>\n<li>T\u00fcm giri\u015f-\u00e7\u0131k\u0131\u015f \u00e7al\u0131\u015fma yo\u011funluklar\u0131 i\u00e7in uygulanabilir \u00fcr\u00fcn se\u00e7enekleri mevcuttur.<\/li>\n<li>\u00c7evre \u015fartlar\u0131na dayan\u0131kl\u0131d\u0131r. Do\u011fru \u00fcr\u00fcn se\u00e7imi ile -30\u00b0C ila +55\u00b0C \u00e7al\u0131\u015fma s\u0131cakl\u0131\u011f\u0131 aral\u0131\u011f\u0131 yakalanabilir.<\/li>\n<li>Bariyer a\u00e7\u0131lma s\u00fcresi kol uzunlu\u011funa ve se\u00e7ilen mekanizma t\u00fcr\u00fcne g\u00f6re 1 ile 10 saniye aras\u0131nda de\u011fi\u015fir.<\/li>\n<li>24 V ya da 220 V ile \u00e7al\u0131\u015fan \u00fcr\u00fcn se\u00e7enekleri mevcuttur.<\/li>\n<li>Tedarik ve montaj s\u00fcresi, talep edilen \u00fcr\u00fcn \u00f6zelliklerine g\u00f6re 2 ile 6 i\u015f g\u00fcn\u00fc aras\u0131nda de\u011fi\u015fmektedir.<\/li>\n<li>\u0130stenilen renkte imalat yap\u0131labilir.<\/li>\n<li>Elektromekanik sistem ile \u00e7al\u0131\u015f\u0131r. Uzaktan kumanda ve buton ile kumanda edilir.<\/li>\n<li>Her t\u00fcrl\u00fc elektronik ge\u00e7i\u015f kontrol sistemine uygundur.<\/li>\n<li>Elektrik kesintilerinde motor bo\u015fa ge\u00e7irilerek el ile a\u00e7\u0131l\u0131p kapat\u0131labilir.<\/li>\n<\/ul>\n","protected":false},"featured_media":10169,"comment_status":"open","ping_status":"closed","template":"","meta":[],"product_brand":[],"product_cat":[12],"product_tag":[],"class_list":{"0":"post-1589","1":"product","2":"type-product","3":"status-publish","4":"has-post-thumbnail","6":"product_cat-guvenlik-urunleri","8":"first","9":"instock","10":"shipping-taxable","11":"product-type-simple"},"_links":{"self":[{"href":"https:\/\/ks1teknoloji.com\/index.php?rest_route=\/wp\/v2\/product\/1589","targetHints":{"allow":["GET"]}}],"collection":[{"href":"https:\/\/ks1teknoloji.com\/index.php?rest_route=\/wp\/v2\/product"}],"about":[{"href":"https:\/\/ks1teknoloji.com\/index.php?rest_route=\/wp\/v2\/types\/product"}],"replies":[{"embeddable":true,"href":"https:\/\/ks1teknoloji.com\/index.php?rest_route=%2Fwp%2Fv2%2Fcomments&post=1589"}],"wp:featuredmedia":[{"embeddable":true,"href":"https:\/\/ks1teknoloji.com\/index.php?rest_route=\/wp\/v2\/media\/10169"}],"wp:attachment":[{"href":"https:\/\/ks1teknoloji.com\/index.php?rest_route=%2Fwp%2Fv2%2Fmedia&parent=1589"}],"wp:term":[{"taxonomy":"product_brand","embeddable":true,"href":"https:\/\/ks1teknoloji.com\/index.php?rest_route=%2Fwp%2Fv2%2Fproduct_brand&post=1589"},{"taxonomy":"product_cat","embeddable":true,"href":"https:\/\/ks1teknoloji.com\/index.php?rest_route=%2Fwp%2Fv2%2Fproduct_cat&post=1589"},{"taxonomy":"product_tag","embeddable":true,"href":"https:\/\/ks1teknoloji.com\/index.php?rest_route=%2Fwp%2Fv2%2Fproduct_tag&post=1589"}],"curies":[{"name":"wp","href":"https:\/\/api.w.org\/{rel}","templated":true}]}}