{"id":1588,"date":"2021-10-04T04:28:30","date_gmt":"2021-10-04T04:28:30","guid":{"rendered":"https:\/\/demo.casethemes.net\/itfirm\/?post_type=product&#038;p=1588"},"modified":"2025-11-12T11:38:23","modified_gmt":"2025-11-12T08:38:23","slug":"the-lean-startup","status":"publish","type":"product","link":"https:\/\/ks1teknoloji.com\/?product=the-lean-startup","title":{"rendered":"Otopark Sistemi"},"content":{"rendered":"<h2>Otopark Sistemi<\/h2>\n<p><strong>Otopark otomasyon sistemi<\/strong>, bir otoparkta ara\u00e7 giri\u015f \u2013 \u00e7\u0131k\u0131\u015f\u0131n\u0131n d\u00fczenli bir \u015fekilde \u00fccretlendirilmesini sa\u011flayan fonksiyonel bir sistemdir.<\/p>\n<p>Sistem sayesinde ara\u00e7 giri\u015f \u2013 \u00e7\u0131k\u0131\u015f\u0131 kay\u0131t alt\u0131na al\u0131nmakta ve otoparkla ilgili olarak her t\u00fcrl\u00fc istatistik tutulabilmektedir.<\/p>\n<p>Otopark gelirlerinizi %50\u2019nin \u00fczerinde artt\u0131racak olan ve ayni zamanda otopark\u0131n\u0131za ciddiyet ve prestij kazand\u0131rmakla beraber siz de\u011ferli m\u00fc\u015fterilerimizin minimum maliyet kar\u015f\u0131l\u0131\u011f\u0131nda maksimum kazan\u00e7 elde etmeleri ilkesiyle dizayn edilmi\u015ftir.<\/p>\n<p><strong>Otopark sisteminiz<\/strong>, her g\u00fcn, her an ba\u011f\u0131ml\u0131 oldu\u011funuz BT altyap\u0131n\u0131z\u0131n di\u011fer bile\u015fenlerine \u00e7ok benzer.\u00a0Baz\u0131lar\u0131n\u0131z hala masa\u00fcst\u00fcn\u00fczdeki elektronik tablolarla manuel i\u015flemlerinizi kullan\u0131yor olabilir.\u00a0Ancak park etme operasyonlar\u0131n\u0131n ve park etme ile ilgili s\u00fcre\u00e7lerin b\u00fcy\u00fck \u00e7o\u011funlu\u011fu art\u0131k en az bir veya birka\u00e7 sat\u0131c\u0131dan bir veya birka\u00e7 tescilli yaz\u0131l\u0131m uygulamas\u0131n\u0131 kullan\u0131yor.\u00a0Ve tescilli uygulamalar kullanmasalar bile, g\u00fcn\u00fcm\u00fcz\u00fcn park y\u00f6netimi ve park yaz\u0131l\u0131m uygulamalar\u0131n\u0131n \u00e7o\u011fu, \u00e7e\u015fitli tescilli dillerde yaz\u0131lm\u0131\u015f di\u011fer uygulamalar\u0131n \u00e7o\u011fuyla uyumlu olan y\u00fcksek seviyeli dillerde yaz\u0131lm\u0131\u015ft\u0131r.<\/p>\n<h2>Otopark sistemi projesi<\/h2>\n<p>\u015eimdi farkl\u0131 sat\u0131c\u0131lar i\u00e7in tek bir uygulama yaz\u0131l\u0131m\u0131n\u0131 de\u011fi\u015ftirmeye veya \u00f6zelle\u015ftirmeye \u00e7al\u0131\u015ft\u0131\u011f\u0131n\u0131z\u0131 hayal edin.\u00a0Bu nedenle \u00e7o\u011fu Otopark Y\u00f6netim Sistemi sat\u0131c\u0131s\u0131, destek \u00e7al\u0131\u015fmalar\u0131n\u0131n \u00e7o\u011funu ba\u011f\u0131ms\u0131z hizmet sa\u011flay\u0131c\u0131lara yapt\u0131rmaktad\u0131r.\u00a0Ba\u011f\u0131ms\u0131z hizmet sa\u011flay\u0131c\u0131lar, t\u00fcm bir park g\u00fcvenlik sisteminin farkl\u0131 bile\u015fenleri hakk\u0131nda mevcut bilgilere sahiptir ve b\u00f6ylece bunlar\u0131 benzersiz gereksinimlerinize uyacak \u015fekilde kolayca entegre edebilir veya ayarlayabilir.\u00a0Ayr\u0131ca, benzersiz yaz\u0131l\u0131m\u0131n\u0131z\u0131 anlamakta veya d\u00fczeltmekte zorluk \u00e7ekmeniz durumunda teknisyenlere kolay eri\u015fim sa\u011flarlar.<\/p>\n<h5>Otopark sistemi (Gaziantep, Diyarbak\u0131r, \u015eanl\u0131urfa, Batman, Ad\u0131yaman, Siirt, Mardin, Kilis, Erzurum, Erzincan, A\u011fr\u0131, Ardahan, I\u011fd\u0131r, Kars, Malatya, Bing\u00f6l, Mu\u015f, Bitlis, Elaz\u0131\u011f, Tunceli, Van, Hakkari)<\/h5>\n<p>B\u00f6yle bir senaryoda, tek sat\u0131c\u0131l\u0131 park g\u00fcvenlik sistemleri sa\u011flayan birden \u00e7ok sat\u0131c\u0131, tek sat\u0131c\u0131l\u0131 bir sisteme uygun maliyetli bir \u00e7\u00f6z\u00fcm sa\u011flayabilir.\u00a0Tek sat\u0131c\u0131l\u0131 uygulamalar\u0131n bak\u0131m\u0131na ve y\u00fckseltilmesine benzer \u015fekilde uygulamalar\u0131 koruman\u0131z ve y\u00fckseltmeniz yeterlidir.\u00a0Veya basit tutun ve t\u00fcm uygulamalar\u0131n\u0131z\u0131 tek bir sat\u0131c\u0131n\u0131n sistemine entegre edin.<\/p>\n<h3>Ak\u0131ll\u0131 otopark sistemi<\/h3>\n<p>Elbette, bir arduino IDE kullanan bir Otopark Y\u00f6netim Sistemi, tek bir sat\u0131c\u0131yla s\u0131n\u0131rl\u0131 de\u011fildir.\u00a0Birden fazla sat\u0131c\u0131 ile de kullan\u0131labilir.\u00a0Alarm Clock, ATG, Blueridge ve ThyssenKrupp Access gibi sat\u0131c\u0131lar, herhangi bir Otopark Y\u00f6netim Sisteminin herhangi bir Otopark Yaz\u0131l\u0131m\u0131 Geli\u015ftirme \u015eirketi taraf\u0131ndan kolayca kullan\u0131labilmesi i\u00e7in kendi tart\u0131\u015fmal\u0131 IDE\u2019lerini piyasada kullan\u0131labilir hale getirdiler.\u00a0Raporlar\u0131 kolayca olu\u015fturmak ve ara\u00e7lar\u0131n konumlar\u0131n\u0131 haritalamak i\u00e7in park yaz\u0131l\u0131m\u0131n\u0131 kullanabilirsiniz.\u00a0Otopark Yaz\u0131l\u0131m\u0131 Geli\u015ftiren \u015eirketlerin sadece yaz\u0131l\u0131m\u0131 kendi \u00f6zel ihtiya\u00e7lar\u0131na g\u00f6re \u00f6zelle\u015ftirmesi gerekir ve ard\u0131ndan tart\u0131\u015farak IDE kullanarak bir Otopark Y\u00f6netim Sistemi olu\u015fturabilirler.<\/p>\n<h3>Otopark bariyer sistemi<\/h3>\n<p>Tek sat\u0131c\u0131l\u0131 Otopark G\u00fcvenlik Sistemi kullanan, t\u00fcm sistemi tek bir noktadan \u00e7al\u0131\u015ft\u0131rman\u0131z\u0131 sa\u011flayacakt\u0131r. Otopark y\u00f6netim sistemi ile ilgili herhangi bir sorun, sat\u0131c\u0131y\u0131 ve m\u00fc\u015fteriyi do\u011frudan aramak zorunda kalmadan kolayca \u00e7\u00f6z\u00fclebilir. Tek sat\u0131c\u0131l\u0131 bir otopark g\u00fcvenlik sisteminin problem \u00e7\u00f6zme \u00f6zelli\u011fi, teknik sorunlar oldu\u011funda bile t\u00fcm sistemin kusursuz \u00e7al\u0131\u015fmas\u0131n\u0131 sa\u011flar. Ancak, tek sat\u0131c\u0131l\u0131 bir yaz\u0131l\u0131m kullanarak kendi Otopark Y\u00f6netim Sisteminizi geli\u015ftiriyorsan\u0131z, hassas verileri ve elektrik ba\u011flant\u0131lar\u0131n\u0131 korumak i\u00e7in iyi, eski moda bir bant ve koli band\u0131 kullanman\u0131z \u00f6nemlidir. Bu, t\u00fcm park g\u00fcvenlik sisteminin bir s\u0131r olarak kalmas\u0131n\u0131 sa\u011flayacakt\u0131r.\u00a0Road Blocker\u00a0\u00fcr\u00fcn\u00fcm\u00fcz\u00fc de otopark alanlar\u0131n\u0131zda kullanabilirsizniz.<\/p>\n<p>Tek sat\u0131c\u0131l\u0131 park sistemlerini kullanman\u0131n bir tak\u0131m avantajlar\u0131 vard\u0131r.\u00a0\u0130lk olarak, t\u00fcm park sistemini kurmak i\u00e7in daha az harcama yapman\u0131z gerekecek.\u00a0T\u00fcm s\u00fcre\u00e7, tek bir kuru\u015f \u00f6demek zorunda kalmadan ger\u00e7ekle\u015fecek.\u00a0\u0130kincisi, otopark g\u00fcvenlik sisteminin t\u00fcm teknik y\u00f6nleri tek bir sat\u0131c\u0131 taraf\u0131ndan ele al\u0131naca\u011f\u0131ndan, park kap\u0131lar\u0131n\u0131n estetik y\u00f6n\u00fcne de odaklanabilirsiniz.\u00a0Kap\u0131lar\u0131 kurman\u0131n ve giri\u015f ve \u00e7\u0131k\u0131\u015f\u0131 izlemenin maliyeti de ge\u00e7mi\u015fte kalacak.\u00a0\u00dcstelik i\u015finiz daha h\u0131zl\u0131 b\u00fcy\u00fcyecek ve i\u015f modelinizi de\u011fi\u015ftirmek zorunda kalmadan s\u00fcrekli b\u00fcy\u00fcme oranlar\u0131n\u0131n keyfini \u00e7\u0131karacaks\u0131n\u0131z.<\/p>\n<p>RFID teknolojisine sahip bir Otopark G\u00fcvenlik Sistemi, park alanlar\u0131 ve \u00e7evredeki alanlar\u0131 da izlemek i\u00e7in kullan\u0131labilir.\u00a0RFID \u00f6zellikli park y\u00f6netim sistemi sayesinde arac\u0131n en son nerede g\u00f6r\u00fcld\u00fc\u011f\u00fcn\u00fc kamera ile kolayca tespit edebilirsiniz.\u00a0Ara\u00e7 yanl\u0131\u015f bir yere park edilmi\u015fse, bunu kolayca \u00f6\u011freneceksiniz.\u00a0Bu, pahal\u0131 arabalar\u0131n \u00e7al\u0131nmas\u0131n\u0131 \u00f6nlemenize yard\u0131mc\u0131 olacakt\u0131r.\u00a0Bu nedenle otopark y\u00f6netim sistemine yapt\u0131\u011f\u0131n\u0131z yat\u0131r\u0131m de\u011fer kazan\u0131r.<\/p>\n<p>Tek \u015feritli ve \u00e7ok \u015feritli RFID kap\u0131 kontrol\u00fc, uzaktan eri\u015fim kontrol\u00fc, dokunmatik ekranl\u0131 eri\u015fim kontrol\u00fc ve otomatik g\u00f6revlili yaz\u0131l\u0131m RFID kap\u0131 kontrol\u00f6r\u00fc gibi farkl\u0131 Otopark G\u00fcvenlik Sistemleri vard\u0131r.\u00a0Yukar\u0131da belirtilen t\u00fcm g\u00fcvenlik \u00f6nlemleri \u00e7ok etkilidir.\u00a0Ancak, \u015firketiniz i\u00e7in do\u011fru otopark g\u00fcvenlik sistemi sa\u011flay\u0131c\u0131s\u0131n\u0131 se\u00e7mek de \u00e7ok \u00f6nemlidir.\u00a0Herhangi bir sa\u011flay\u0131c\u0131 se\u00e7meden \u00f6nce uygun ara\u015ft\u0131rmay\u0131 yapman\u0131z gerekiyorsa, \u00e7evrimi\u00e7i olarak bir\u00e7ok bilgi bulabilirsiniz.\u00a0Farkl\u0131 sat\u0131c\u0131lar\u0131n resmi web sitelerini ziyaret edebilir, hizmetlerini ve fiyatlar\u0131n\u0131 inceleyebilir ve ard\u0131ndan se\u00e7iminizi yapabilirsiniz.<\/p>\n","protected":false},"excerpt":{"rendered":"<h2>Otopark Sistemi<\/h2>\n<hr \/>\n<p><strong>Otopark otomasyon sistemi<\/strong>, bir otoparkta ara\u00e7 giri\u015f \u2013 \u00e7\u0131k\u0131\u015f\u0131n\u0131n d\u00fczenli bir \u015fekilde \u00fccretlendirilmesini sa\u011flayan fonksiyonel bir sistemdir.<\/p>\n<p>Sistem sayesinde ara\u00e7 giri\u015f \u2013 \u00e7\u0131k\u0131\u015f\u0131 kay\u0131t alt\u0131na al\u0131nmakta ve otoparkla ilgili olarak her t\u00fcrl\u00fc istatistik tutulabilmektedir.<\/p>\n<p>Otopark gelirlerinizi %50\u2019nin \u00fczerinde artt\u0131racak olan ve ayni zamanda otopark\u0131n\u0131za ciddiyet ve prestij kazand\u0131rmakla beraber siz de\u011ferli m\u00fc\u015fterilerimizin minimum maliyet kar\u015f\u0131l\u0131\u011f\u0131nda maksimum kazan\u00e7 elde etmeleri ilkesiyle dizayn edilmi\u015ftir.<\/p>\n<p><strong>Otopark sisteminiz<\/strong>, her g\u00fcn, her an ba\u011f\u0131ml\u0131 oldu\u011funuz BT altyap\u0131n\u0131z\u0131n di\u011fer bile\u015fenlerine \u00e7ok benzer.\u00a0Baz\u0131lar\u0131n\u0131z hala masa\u00fcst\u00fcn\u00fczdeki elektronik tablolarla manuel i\u015flemlerinizi kullan\u0131yor olabilir.\u00a0Ancak park etme operasyonlar\u0131n\u0131n ve park etme ile ilgili s\u00fcre\u00e7lerin b\u00fcy\u00fck \u00e7o\u011funlu\u011fu art\u0131k en az bir veya birka\u00e7 sat\u0131c\u0131dan bir veya birka\u00e7 tescilli yaz\u0131l\u0131m uygulamas\u0131n\u0131 kullan\u0131yor.\u00a0Ve tescilli uygulamalar kullanmasalar bile, g\u00fcn\u00fcm\u00fcz\u00fcn park y\u00f6netimi ve park yaz\u0131l\u0131m uygulamalar\u0131n\u0131n \u00e7o\u011fu, \u00e7e\u015fitli tescilli dillerde yaz\u0131lm\u0131\u015f di\u011fer uygulamalar\u0131n \u00e7o\u011fuyla uyumlu olan y\u00fcksek seviyeli dillerde yaz\u0131lm\u0131\u015ft\u0131r.<\/p>\n","protected":false},"featured_media":10623,"comment_status":"open","ping_status":"closed","template":"","meta":[],"product_brand":[],"product_cat":[12],"product_tag":[],"class_list":{"0":"post-1588","1":"product","2":"type-product","3":"status-publish","4":"has-post-thumbnail","6":"product_cat-guvenlik-urunleri","8":"first","9":"instock","10":"shipping-taxable","11":"product-type-simple"},"_links":{"self":[{"href":"https:\/\/ks1teknoloji.com\/index.php?rest_route=\/wp\/v2\/product\/1588","targetHints":{"allow":["GET"]}}],"collection":[{"href":"https:\/\/ks1teknoloji.com\/index.php?rest_route=\/wp\/v2\/product"}],"about":[{"href":"https:\/\/ks1teknoloji.com\/index.php?rest_route=\/wp\/v2\/types\/product"}],"replies":[{"embeddable":true,"href":"https:\/\/ks1teknoloji.com\/index.php?rest_route=%2Fwp%2Fv2%2Fcomments&post=1588"}],"wp:featuredmedia":[{"embeddable":true,"href":"https:\/\/ks1teknoloji.com\/index.php?rest_route=\/wp\/v2\/media\/10623"}],"wp:attachment":[{"href":"https:\/\/ks1teknoloji.com\/index.php?rest_route=%2Fwp%2Fv2%2Fmedia&parent=1588"}],"wp:term":[{"taxonomy":"product_brand","embeddable":true,"href":"https:\/\/ks1teknoloji.com\/index.php?rest_route=%2Fwp%2Fv2%2Fproduct_brand&post=1588"},{"taxonomy":"product_cat","embeddable":true,"href":"https:\/\/ks1teknoloji.com\/index.php?rest_route=%2Fwp%2Fv2%2Fproduct_cat&post=1588"},{"taxonomy":"product_tag","embeddable":true,"href":"https:\/\/ks1teknoloji.com\/index.php?rest_route=%2Fwp%2Fv2%2Fproduct_tag&post=1588"}],"curies":[{"name":"wp","href":"https:\/\/api.w.org\/{rel}","templated":true}]}}