{"id":1586,"date":"2021-10-04T04:28:29","date_gmt":"2021-10-04T04:28:29","guid":{"rendered":"https:\/\/demo.casethemes.net\/itfirm\/?post_type=product&#038;p=1586"},"modified":"2025-11-12T11:53:50","modified_gmt":"2025-11-12T08:53:50","slug":"ultimate-success","status":"publish","type":"product","link":"https:\/\/ks1teknoloji.com\/?product=ultimate-success","title":{"rendered":"Plaka Tan\u0131ma Sistemi"},"content":{"rendered":"<h3>Plaka Tan\u0131ma Sistemi<\/h3>\n<p class=\"serp-title\"><strong>Plaka Tan\u0131ma Sistemi<\/strong>\u00a0yani bu sistem, site giri\u015f-\u00e7\u0131k\u0131\u015f ara\u00e7 y\u00f6netimini plaka okuma sistemi yard\u0131m\u0131yla ger\u00e7ekle\u015ftirir.<\/p>\n<p>Site sakinlerine ait ara\u00e7 plakalar\u0131 kaydedilir, ve bu ara\u00e7lar\u0131n kap\u0131ya gelmesiyle birlikte bariyer otomatik olarak a\u00e7\u0131l\u0131r.Siteye giri\u015f yapmak isteyen kullan\u0131c\u0131lar kumanda, kart okuma gibi cihazlara ihtiya\u00e7 duymadan ara\u00e7lar\u0131nda bulunan plaka sayesinde giri\u015f yapabilmektedir.Giri\u015f-\u00e7\u0131k\u0131\u015f yapan t\u00fcm ara\u00e7lar resimleriyle birlikte kaydedilir.<\/p>\n<p>Geriye y\u00f6nelik kay\u0131tlar incelenebilir.<\/p>\n<p>\u00c7e\u015fitli raporlar al\u0131nabilmektedir.<\/p>\n<p>Otomatik plaka tan\u0131ma, ara\u00e7 yer bilgilerini olu\u015fturmak i\u00e7in ara\u00e7 plakalar\u0131n\u0131 okumak i\u00e7in dijital optik karakter tan\u0131may\u0131 kullanan bir sistemdir.\u00a0Ayr\u0131ca mevcut kapal\u0131 devre kamera, yol k\u0131s\u0131tlama kameralar\u0131 veya bu ama\u00e7 i\u00e7in \u00f6zel olarak yap\u0131lm\u0131\u015f di\u011fer kameralar\u0131 da kullanabilir.\u00a0Bu kameralar, yakalad\u0131klar\u0131 g\u00f6r\u00fcnt\u00fcleri bir bilgisayara ileten \u00f6zel bir cihaza ba\u011flan\u0131r.\u00a0Sistem daha sonra ilgili t\u00fcm verileri standart bir formatta olu\u015fturur ve bilgisayarda saklar.\u00a0Bu sayede ara\u00e7 plaka bilgilerine istedi\u011finiz zaman ula\u015fman\u0131z m\u00fcmk\u00fcn.<\/p>\n<p>Teknolojinin manuel tan\u0131ma sistemlerine g\u00f6re \u00e7e\u015fitli avantajlar\u0131 vard\u0131r.\u00a0Bunlardan ilki zaman verimlili\u011fidir.\u00a0Bir RFID okuyucunun yard\u0131m\u0131yla, operat\u00f6r\u00fcn sadece birka\u00e7 bit girmesi yeterlidir ve sistem en iyi e\u015fle\u015fmeyi otomatik olarak tan\u0131yacakt\u0131r.\u00a0\u00d6te yandan, manuel sistemler \u00fczerinde manuel olarak \u00e7al\u0131\u015f\u0131lmal\u0131d\u0131r.\u00a0Ayr\u0131ca, kameran\u0131n menzili zay\u0131fsa, bir arac\u0131 veya plakas\u0131n\u0131 tan\u0131yamayabilir.<\/p>\n<h3>Manuel sistemlerin \u00e7al\u0131\u015fmas\u0131<\/h3>\n<p>Bu s\u00fcreyi hesaplarken dikkate al\u0131nmas\u0131 gereken \u00fc\u00e7 fakt\u00f6r vard\u0131r. \u0130lk olarak, etiketlerin yaz\u0131lmas\u0131 i\u00e7in ge\u00e7en s\u00fcreyi ifade eden bask\u0131 s\u00fcresi vard\u0131r. \u0130kinci olarak, sisteme veri giri\u015fi i\u00e7in ge\u00e7en s\u00fcreyi ifade eden veri giri\u015f s\u00fcresi vard\u0131r.<\/p>\n<p>\u00dc\u00e7\u00fcnc\u00fc fakt\u00f6r, g\u00f6r\u00fcnt\u00fc tan\u0131ma sistemindeki ar\u0131zalar\u0131 analiz etmek i\u00e7in ge\u00e7en s\u00fcreyi ifade eden ar\u0131za tespit s\u00fcresidir.\u00a0\u00d6zellikle baz\u0131 kameralarda bu \u00f6zelliklerin t\u00fcm\u00fc bulunmad\u0131\u011f\u0131ndan, herhangi bir sistemi kullanmadan \u00f6nce bu \u00fc\u00e7 fakt\u00f6r\u00fcn t\u00fcm\u00fc dikkatlice d\u00fc\u015f\u00fcn\u00fclmelidir.\u00a0Ancak tam entegre bir kamera sistemi ile y\u00fcksek do\u011frulukta ve hatas\u0131z bir veri giri\u015f\/\u00e7\u0131k\u0131\u015f\u0131na sahip olabilirsiniz.<\/p>\n<p>\u015eu an itibariyle iki tip plaka tan\u0131ma sistemi bulunmaktad\u0131r. Biri, \u0131\u015f\u0131k sens\u00f6rlerini kullanan optik tan\u0131ma sistemidir. Bunlar, a\u011fa\u00e7 \u00e7izgisinin alt\u0131 gibi karanl\u0131k yerlerdeki nesneleri tan\u0131yabilir. Ancak, parlak \u0131\u015f\u0131kta nesneleri tan\u0131yamazlar.\u00a0Road Blocker\u00a0\u00dcr\u00fcn\u00fcm\u00fcz hakk\u0131nda bilgi i\u00e7in t\u0131klay\u0131n\u0131z<\/p>\n<p>\u0130kinci tip radar g\u00f6r\u00fcnt\u00fcleme sistemini kullan\u0131r.\u00a0Bu, arac\u0131n yerini tespit etmek i\u00e7in k\u0131z\u0131l\u00f6tesi teknolojisini kullan\u0131r.\u00a0Kameraya sinyal g\u00f6ndermek i\u00e7in bir radyo sinyali kullanarak \u00e7al\u0131\u015f\u0131r.\u00a0Sahnede hareket varsa, kamera g\u00f6r\u00fcnt\u00fcy\u00fc kaydedecek ve merkezi bir bilgisayara g\u00f6nderecektir.<\/p>\n<p><strong>Plaka tan\u0131ma sistemi<\/strong>\u00a0kurmak zor bir i\u015f de\u011fildir.\u00a0Ancak, sayg\u0131n \u00fcreticilerden do\u011fru ekipman\u0131 ald\u0131\u011f\u0131n\u0131zdan emin olman\u0131z gerekir.\u00a0T\u00fcm s\u00fcrecin en \u00f6nemli y\u00f6n\u00fc oldu\u011fu i\u00e7in kurulum s\u00fcrecine de dikkat etmelisiniz.<\/p>\n<p>Farkl\u0131 ama\u00e7lar i\u00e7in plaka tan\u0131ma sistemleri sunan bir\u00e7ok firma bulunmaktad\u0131r.\u00a0Kurulu\u015funuzda etkili bir sistem kurman\u0131za yard\u0131mc\u0131 olabilirler.\u00a0Plaka tan\u0131ma hakk\u0131nda daha fazla bilgi edinmek istiyorsan\u0131z, ofisinizden size deneyimlerini sunmas\u0131n\u0131 isteyebilirsiniz.\u00a0Uzun y\u0131llard\u0131r y\u00fcksek kaliteli ekipman sunan bir\u00e7ok \u015firket var.\u00a0Bunlar\u0131 interneti kullanarak bulabilirsiniz.\u00a0Size yard\u0131mc\u0131 olmaktan memnuniyet duyacaklard\u0131r.<\/p>\n<p><strong>Plaka Tan\u0131ma Sistemi<\/strong>\u00a0farkl\u0131 kurulu\u015flar taraf\u0131ndan kullan\u0131lmaktad\u0131r.\u00a0Bu ekipman\u0131 se\u00e7melerinin nedeni, kurulumunun \u00e7ok fazla \u00e7aba gerektirmemesidir.\u00a0Kablolama veya sistemi onlar i\u00e7in kurmas\u0131 i\u00e7in birini i\u015fe alma konusunda endi\u015felenmeleri gerekmez.\u00a0K\u00fc\u00e7\u00fck ofisler i\u00e7in bu en iyi se\u00e7eneklerden biri olabilir.\u00a0Ancak, b\u00fcy\u00fck \u015firketler art\u0131k i\u015flerini kolayla\u015ft\u0131rd\u0131\u011f\u0131 i\u00e7in bu tan\u0131ma ekipman\u0131ndan faydalan\u0131yor.\u00a0Art\u0131k yeni plaka almalar\u0131 gerekmeyece\u011fi i\u00e7in paradan tasarruf edebilecekler.<\/p>\n<p>Plaka tan\u0131ma sistemi olmadan i\u015fletmeler sa\u011fl\u0131kl\u0131 bir \u015fekilde \u00e7al\u0131\u015famazlar.\u00a0Bu ekipman\u0131 kullanmazlarsa, di\u011fer insanlar onlar\u0131 \u015fehirde dola\u015f\u0131rken g\u00f6rebilecekleri i\u00e7in ba\u015flar\u0131n\u0131 belaya sokabilirler.\u00a0Dikkat etmedikleri i\u00e7in kaza yapabilirler.<\/p>\n<p>Ofislerde plaka tan\u0131ma sistemleri genellikle resepsiyonist taraf\u0131ndan kurulur.\u00a0Bu, \u00e7al\u0131\u015fanlar\u0131n ki\u015fisel bilgilerinin, ara\u00e7 s\u00fcrerken ve di\u011fer g\u00f6revleri yerine getirirken g\u00fcvence alt\u0131na al\u0131nmas\u0131 i\u00e7indir.\u00a0Ayr\u0131ca bir rapor veya belge sunma zaman\u0131 geldi\u011finde bu ekipman\u0131 kullanabilecekler.<\/p>\n<p>Ondan fazla \u00e7al\u0131\u015fan\u0131 olan b\u00fcy\u00fck \u015firketler plaka tan\u0131madan faydalanacak.\u00a0\u00c7al\u0131\u015fanlar\u0131na, ara\u00e7lar\u0131n\u0131n kayd\u0131yla dikkatlerini da\u011f\u0131tmak yerine ba\u015fka \u015feyler yapmak i\u00e7in daha fazla zaman verecek.\u00a0Bu tan\u0131ma cihaz\u0131 ile art\u0131k yolda bir plakay\u0131 unutmas\u0131 veya s\u00fcr\u00fcc\u00fcn\u00fcn kendisine ait olmad\u0131\u011f\u0131 halde plakay\u0131 kullanmaya \u00e7al\u0131\u015fmas\u0131ndan kaynaklanan kazalar olmayacak.\u00a0Sadece g\u00f6nderdikleri bilgiler konusunda \u00e7ok dikkatli olmalar\u0131 gerekecek.<\/p>\n","protected":false},"excerpt":{"rendered":"<p class=\"serp-title\"><strong>Plaka Tan\u0131ma Sistemi<\/strong>\u00a0yani bu sistem, site giri\u015f-\u00e7\u0131k\u0131\u015f ara\u00e7 y\u00f6netimini plaka okuma sistemi yard\u0131m\u0131yla ger\u00e7ekle\u015ftirir.<\/p>\n<p>Site sakinlerine ait ara\u00e7 plakalar\u0131 kaydedilir, ve bu ara\u00e7lar\u0131n kap\u0131ya gelmesiyle birlikte bariyer otomatik olarak a\u00e7\u0131l\u0131r.Siteye giri\u015f yapmak isteyen kullan\u0131c\u0131lar kumanda, kart okuma gibi cihazlara ihtiya\u00e7 duymadan ara\u00e7lar\u0131nda bulunan plaka sayesinde giri\u015f yapabilmektedir.Giri\u015f-\u00e7\u0131k\u0131\u015f yapan t\u00fcm ara\u00e7lar resimleriyle birlikte kaydedilir.<\/p>\n","protected":false},"featured_media":10629,"comment_status":"open","ping_status":"closed","template":"","meta":[],"product_brand":[],"product_cat":[12],"product_tag":[18,38,40],"class_list":{"0":"post-1586","1":"product","2":"type-product","3":"status-publish","4":"has-post-thumbnail","6":"product_cat-guvenlik-urunleri","7":"product_tag-digital","8":"product_tag-mantar-bariyer","9":"product_tag-ux","11":"first","12":"instock","13":"shipping-taxable","14":"product-type-simple"},"_links":{"self":[{"href":"https:\/\/ks1teknoloji.com\/index.php?rest_route=\/wp\/v2\/product\/1586","targetHints":{"allow":["GET"]}}],"collection":[{"href":"https:\/\/ks1teknoloji.com\/index.php?rest_route=\/wp\/v2\/product"}],"about":[{"href":"https:\/\/ks1teknoloji.com\/index.php?rest_route=\/wp\/v2\/types\/product"}],"replies":[{"embeddable":true,"href":"https:\/\/ks1teknoloji.com\/index.php?rest_route=%2Fwp%2Fv2%2Fcomments&post=1586"}],"wp:featuredmedia":[{"embeddable":true,"href":"https:\/\/ks1teknoloji.com\/index.php?rest_route=\/wp\/v2\/media\/10629"}],"wp:attachment":[{"href":"https:\/\/ks1teknoloji.com\/index.php?rest_route=%2Fwp%2Fv2%2Fmedia&parent=1586"}],"wp:term":[{"taxonomy":"product_brand","embeddable":true,"href":"https:\/\/ks1teknoloji.com\/index.php?rest_route=%2Fwp%2Fv2%2Fproduct_brand&post=1586"},{"taxonomy":"product_cat","embeddable":true,"href":"https:\/\/ks1teknoloji.com\/index.php?rest_route=%2Fwp%2Fv2%2Fproduct_cat&post=1586"},{"taxonomy":"product_tag","embeddable":true,"href":"https:\/\/ks1teknoloji.com\/index.php?rest_route=%2Fwp%2Fv2%2Fproduct_tag&post=1586"}],"curies":[{"name":"wp","href":"https:\/\/api.w.org\/{rel}","templated":true}]}}