{"id":1584,"date":"2021-10-04T04:28:29","date_gmt":"2021-10-04T04:28:29","guid":{"rendered":"https:\/\/demo.casethemes.net\/itfirm\/?post_type=product&#038;p=1584"},"modified":"2025-11-12T12:02:11","modified_gmt":"2025-11-12T09:02:11","slug":"the-mind-of-the-leader","status":"publish","type":"product","link":"https:\/\/ks1teknoloji.com\/?product=the-mind-of-the-leader","title":{"rendered":"Ak\u0131ll\u0131 Kart Okuyucu"},"content":{"rendered":"<div class=\"wpb_text_column wpb_content_element \">\n<div class=\"wpb_wrapper\">\n<h3>ACS-567 El Terminali<\/h3>\n<p><strong>Model<\/strong>: ACS\u2022567<br \/>\n<strong>Gerilim ve G\u00fc\u00e7<\/strong>: 5 V DC, 5W<br \/>\n<strong>Pil Tipi ve G\u00fcc\u00fc<\/strong>: 3,7V 3200 mAh Li-lon<br \/>\n<strong>Pil Ba\u011f S\u00fcresi<\/strong>: 7 saat<br \/>\n<strong>Pil \u00c7al\u0131\u015fma S\u00fcresi<\/strong>: 24 saat<br \/>\n<strong>\u00c7al\u0131\u015fma S\u0131cakl\u0131\u011f\u0131<\/strong>: -30 +70 \u00b0C<br \/>\n<strong>Haberle\u015fme Tipi<\/strong>: USB High Speed<br \/>\n<strong>Haberle\u015fme H\u0131z\u0131<\/strong>: 480 Mbits<br \/>\n<strong>RFID Kart Frekans\u0131<\/strong>: 13,56 MHz<br \/>\n<strong>RFID Kart Tipi<\/strong>:\u00a0 Standart lSO I 4443A, (Opsiyonel) ISO 15693 TSK Ak\u0131ll\u0131 Kartlann\u0131n (temass\u0131z ve 32 ve 80 (otuz iki ve seksen) KB\u2019l\u0131k temasl\u0131 mikroi\u015flemciye sahip hibrid kart) temasl\u0131 ve temass\u0131z b\u00f6l\u00fcmlerini okuyabilir. Kart okuma mesafesi 1-5 cm aral\u0131\u011f\u0131ndad\u0131r.<br \/>\n<strong>Sesli Uyar\u0131:\u00a0<\/strong>\u00a0Cihaz \u00fczerinde buzzer bulunmaktad\u0131r. Yap\u0131lan \u00e7e\u015fitli i\u015flemler sesli uyar\u0131yla bildirilmektedir.<br \/>\n<strong>Ekran:<\/strong>\u00a0240 x 320 piksel 3,5 inch 262 K Color IPS LCD Ekran. G\u00f6r\u00fc\u015f a\u00e7\u0131s\u0131 serbesttir. Her a\u00e7\u0131dan g\u00f6r\u00fclebilir. G\u00fcn \u0131\u015f\u0131\u011f\u0131nda g\u00f6r\u00fclebilir. Normalde 20 sat\u0131r 20 karakter Mesaj yaz\u0131labilir. Maximum 40 sat\u0131r 40 karakter mesaj\u0131 destekler<br \/>\n<strong>Tu\u015f Tak\u0131m\u0131:<\/strong>\u00a012 + 1 Tu\u015f<br \/>\n<strong>Sam Slot:<\/strong>\u00a0Cihaz \u00fczerinde 1 adet sam slot bulunmaktad\u0131r. Sam slot ile ilgili uygulama geli\u015ftirmeye m\u00fcsaittir.<br \/>\n<strong>G\u00fcvenlik:<\/strong>\u00a0Cihaz i\u00e7indeki \u015falter yard\u0131m\u0131yla kapa\u011f\u0131n a\u00e7\u0131ld\u0131\u011f\u0131n\u0131 anlar ve \u00e7al\u0131\u015fmas\u0131n\u0131 durdurur. Cihaz\u0131n kapa\u011f\u0131 bir kere a\u00e7\u0131ld\u0131ktan sonra tekrar kapat\u0131lsa dahi \u00e7al\u0131\u015fmaz. Cihaz i\u00e7inde tutulan t\u00fcm veriler 3DES uygulamas\u0131 ile \u015fifrelenmi\u015ftir. Her cihaz\u0131n \u00fcretiminde kullan\u0131lan \u00e7iplerden olu\u015fan 128 bit benzersiz seri numaras\u0131 bulunmaktad\u0131r. Cihaz takibi bu id ile yap\u0131lmaktad\u0131r.<br \/>\n<strong>Tarih Saat Bilgisi:<\/strong>\u00a0Cihaz \u00fczerinde ger\u00e7ek zaman kontrol t\u00fcm devresi bulunmaktad\u0131r. Saat ve tarih ayarlama fonksiyonlar\u0131 kontrol bilgisayar\u0131 \u00fczerinden denetlenmektedir.<br \/>\n<strong>Kullan\u0131c\u0131 bilgileri:\u00a0<\/strong>Personel bilgileri kontrol bilgisayar\u0131 \u00fczerinden cihaza y\u00fcklenir. \u00c7evrimd\u0131\u015f\u0131 (offline)\u00a0 \u00e7al\u0131\u015fmada 3.000.000 (\u00dc\u00e7 milyon) adet resimsiz personel kara liste olarak eklenebilmektedir. Ayn\u0131 anda 3.000.000(\u00dc\u00e7 milyon) adet resimli personel bilgisi de beyaz liste olarak eklenebilmektedir. 3 milyon adet resimsiz kara liste cihaza aktar\u0131m s\u00fcresi yakla\u015f\u0131k 15 sn s\u00fcrmektedir. 3 milyon adet resimli beyaz liste (160 X160 Piksel 24 bit Jpeg) aktar\u0131m s\u00fcresi de yakla\u015f\u0131k 30 dakika s\u00fcrmektedir. Cihaza y\u00fcklenen t\u00fcm veriler 3DES algoritmas\u0131 ile \u015fifrelenmektedir.<br \/>\n<strong>\u00c7al\u0131\u015fma \u015eekli:\u00a0<\/strong>Cihaz i\u00e7ine y\u00fcklenen kara liste ve beyaz liste bilgilerine g\u00f6re offline olarak \u00e7al\u0131\u015fmaktad\u0131r. Temasl\u0131 yada temass\u0131z olarak okutulan her kart yada tu\u015f tak\u0131m\u0131ndan girilen her personel bilgisi \u00f6nce kara liste sonrada da beyaz listede sorgulanarak sonu\u00e7lar kullan\u0131c\u0131ya aktar\u0131lmaktad\u0131r.<br \/>\n<strong>Olay Bilgileri<\/strong>\u00a0: Cihaz \u00fczerinde toplam 32 GByte haf\u0131za bulunmaktad\u0131r. Cihaz \u00fczerindeki her okutulan kart bilgileri cihaz haf\u0131zas\u0131na depolanmaktad\u0131r. 1.048.576 adet kara liste kay\u0131t kapasitesi, 1.048.576 adet beyaz liste kay\u0131t kapasitesi olmak \u00fczere toplamda 2.097.152 adet kay\u0131t haf\u0131zas\u0131 bulunmaktad\u0131r. Tutulan t\u00fcm kay\u0131t bilgileri de 3DES algoritmas\u0131 ile \u015fifrelenmi\u015ftir.<br \/>\n<strong>Boyutlar:<\/strong>\u00a0211 mm x 103 mm x 40 mm<br \/>\n<strong>Montaj:<\/strong>\u00a0Cihaz el tipi kullan\u0131m i\u00e7in tasarlanm\u0131\u015ft\u0131r. Herhangi biryere monte edilmesine gerek yoktur.<br \/>\n<strong>Garanti:<\/strong>\u00a0Cihaz \u00fcretim hatalar\u0131na kar\u015f\u0131 \u015firket merkezin de iki y\u0131l garantilidir. Cihaz ile birlikte mutlaka orijinal USB kablosu ve \u015farj cihaz\u0131 kullan\u0131lmal\u0131d\u0131r.<\/p>\n<\/div>\n<\/div>\n<div class=\"separator normal \"><strong>ACS- 551 M\u0130FARE KART OKUYUCU<\/strong><\/div>\n<div class=\"wpb_text_column wpb_content_element \">\n<div class=\"wpb_wrapper\">\n<p>ACS-551 Mifare kart okuyucu ge\u00e7i\u015f kontrol sistemlerini, personel devam takip sistemlerinde, e-c\u00fczdan uygulamalar\u0131nda, yemekhane kontrol sistemlerinde yani Mifare kart ile yap\u0131labilecek her t\u00fcrl\u00fc uygulamada kullan\u0131lmak \u00fczere dizayn edilmi\u015ftir.<\/p>\n<p>ACS-551 Mifare kart okuyucu RS232, RS485 ve TCP IP haberle\u015fme alt yap\u0131s\u0131na sahiptir. RS232 ba\u011flant\u0131 PC\u2019ye yak\u0131n ve tekil uygulamalar i\u00e7indir. RS485 ise uzak mesafelerde \u00e7o\u011ful uygulamalarda kullan\u0131l\u0131r. TCP IP ile s\u0131n\u0131rlar ortadan kalkmakta ve internetin oldu\u011fu her yerden cihaza ula\u015f\u0131labilmektedir.<\/p>\n<p>ACS-551 Mifare kart okuyucu \u00fczerinde 128\u00d764 piksel mavi LCD bulunmaktad\u0131r. Kullan\u0131c\u0131lar kendi firma logosunu ve haz\u0131rlad\u0131\u011f\u0131 di\u011fer grafikleri cihaza y\u00fckleyebilmektedir.<\/p>\n<p>ACS-551 Mifare kart okuyucu hem online hemde offline \u00e7al\u0131\u015flabilmektedir. E\u011fer kontrol bilgisayar\u2019 devrede ise t\u00fcm yetkilendirme ve kay\u0131t i\u015flemleri kontrol bilgisayar\u0131 taraf\u0131ndan y\u00fcr\u00fct\u00fcl\u00fcr. E\u011fer PC devrede de\u011filse cihaz i\u00e7ine y\u00fcklenen bilgilere g\u00f6re \u00e7al\u0131\u015famaya devam eder. Bu \u00fcr\u00fcn ayr\u0131ca \u00f6zel projelerde Mifare kart ile ilgili parasal uygulamalar i\u00e7inde kullan\u0131 labilmektedir.<\/p>\n<p>ACS-551 Mifare kart okuyucu \u00fczerine personel bilgileri kontrol bilgisayar\u2019 \u00fczerinden cihaza y\u00fcklenir. Personel kart numaralar\u0131, personelin ad\u0131 soyad\u0131, personel tipi giri\u015f ve \u00e7\u0131k\u0131\u015f yetkileri gibi t\u00fcm bilgiler kontrol bilgisayar\u2019 \u00fczerinden cihaza y\u00fcklenmektedir. Cihaza standart olarak 18.000 personel kayd\u0131 yap\u0131labilmektedir.<\/p>\n<p>ACS-551 Mifare kart okuyucu \u00fczerinde toplam 4 Mbyte haf\u0131za bulunmaktad\u0131r. Cihaz \u00fczerindeki her okutulan kart bilgileri cihaz haf\u0131zas\u0131na kaydedilir. Toplam 172032 hareket kayd\u0131 tutulabilmektedir. Bu bilgiler kontrol bilgisayar\u0131 yard\u0131m\u0131yla PC\u2019de raporlanabilmektedir.<\/p>\n<\/div>\n<\/div>\n","protected":false},"excerpt":{"rendered":"<p>ACS-551 Mifare kart okuyucu RS232, RS485 ve TCP IP haberle\u015fme alt yap\u0131s\u0131na sahiptir. RS232 ba\u011flant\u0131 PC\u2019ye yak\u0131n ve tekil uygulamalar i\u00e7indir. RS485 ise uzak mesafelerde \u00e7o\u011ful uygulamalarda kullan\u0131l\u0131r. TCP IP ile s\u0131n\u0131rlar ortadan kalkmakta ve internetin oldu\u011fu her yerden cihaza ula\u015f\u0131labilmektedir.<\/p>\n","protected":false},"featured_media":10634,"comment_status":"open","ping_status":"closed","template":"","meta":[],"product_brand":[],"product_cat":[37,13],"product_tag":[17,40,14],"class_list":{"0":"post-1584","1":"product","2":"type-product","3":"status-publish","4":"has-post-thumbnail","6":"product_cat-al-yapi-kablolama","7":"product_cat-bilgisayar-sistemleri","8":"product_tag-design","9":"product_tag-ux","10":"product_tag-yol-guvenlik","12":"first","13":"instock","14":"shipping-taxable","15":"product-type-simple"},"_links":{"self":[{"href":"https:\/\/ks1teknoloji.com\/index.php?rest_route=\/wp\/v2\/product\/1584","targetHints":{"allow":["GET"]}}],"collection":[{"href":"https:\/\/ks1teknoloji.com\/index.php?rest_route=\/wp\/v2\/product"}],"about":[{"href":"https:\/\/ks1teknoloji.com\/index.php?rest_route=\/wp\/v2\/types\/product"}],"replies":[{"embeddable":true,"href":"https:\/\/ks1teknoloji.com\/index.php?rest_route=%2Fwp%2Fv2%2Fcomments&post=1584"}],"wp:featuredmedia":[{"embeddable":true,"href":"https:\/\/ks1teknoloji.com\/index.php?rest_route=\/wp\/v2\/media\/10634"}],"wp:attachment":[{"href":"https:\/\/ks1teknoloji.com\/index.php?rest_route=%2Fwp%2Fv2%2Fmedia&parent=1584"}],"wp:term":[{"taxonomy":"product_brand","embeddable":true,"href":"https:\/\/ks1teknoloji.com\/index.php?rest_route=%2Fwp%2Fv2%2Fproduct_brand&post=1584"},{"taxonomy":"product_cat","embeddable":true,"href":"https:\/\/ks1teknoloji.com\/index.php?rest_route=%2Fwp%2Fv2%2Fproduct_cat&post=1584"},{"taxonomy":"product_tag","embeddable":true,"href":"https:\/\/ks1teknoloji.com\/index.php?rest_route=%2Fwp%2Fv2%2Fproduct_tag&post=1584"}],"curies":[{"name":"wp","href":"https:\/\/api.w.org\/{rel}","templated":true}]}}