{"id":1583,"date":"2021-10-04T04:28:29","date_gmt":"2021-10-04T04:28:29","guid":{"rendered":"https:\/\/demo.casethemes.net\/itfirm\/?post_type=product&#038;p=1583"},"modified":"2025-11-12T12:26:48","modified_gmt":"2025-11-12T09:26:48","slug":"search-optimization","status":"publish","type":"product","link":"https:\/\/ks1teknoloji.com\/?product=search-optimization","title":{"rendered":"Turnikeler"},"content":{"rendered":"<h3>Turnikeler<\/h3>\n<p>Ana g\u00f6vde ve tripod kollar\u0131 paslanmaz \u00e7elikten, di\u011fer aksam ve par\u00e7alar korozyona mukavim galvaniz kapl\u0131.<\/p>\n<p>\u00c7ift y\u00f6nl\u00fc, istenirse tek y\u00f6nl\u00fc olarak ge\u00e7i\u015fe kapat\u0131labilir.<\/p>\n<p>Ergonomik tasar\u0131m\u0131 sayesinde hareketli mod\u00fcller kolayl\u0131kla s\u00f6k\u00fcl\u00fcp bak\u0131m yap\u0131labilir.<\/p>\n<p>Kapa\u011f\u0131n alt\u0131na yerle\u015ftirilen raf sistemi ile kontrol kart\u0131 turnike i\u00e7ine kolayca monte edilebilir.<\/p>\n<p>Y\u00fczde y\u00fcz yerli tasar\u0131m ve \u00fcretimi sayesinde ucuz ve h\u0131zl\u0131 yedek par\u00e7a, Giri\u015f\/\u00e7\u0131k\u0131\u015f y\u00f6n\u00fcnde tripod kilitlemesi selenoidlerle sa\u011flan\u0131r.<\/p>\n<p>Kilitleme selenoidler \u00e7ekili iken ger\u00e7ekle\u015fir. Acil durumlarda sistemin enerjisi kesilerek serbest giri\u015f-\u00e7\u0131k\u0131\u015f sa\u011flan\u0131r.<\/p>\n<p>Turnike mekanizmas\u0131 ve kontrol devreleri 24VDC ile \u00e7al\u0131\u015fmaktad\u0131r.<\/p>\n<p>Turnike \u00fczerinde emniyet a\u00e7\u0131s\u0131ndan y\u00fcksek voltaj kullan\u0131lmam\u0131\u015ft\u0131r.<\/p>\n<p>Turnikenin g\u00fc\u00e7 harcamas\u0131 30W\u2019d\u0131r.<\/p>\n<p>Turnike mekanizmas\u0131n\u0131n bir y\u00f6ne d\u00f6n\u00fc\u015f\u00fc ge\u00e7tikten sonra bir sonraki konuma var\u0131\u015f yayl\u0131 ve hidrolik amortis\u00f6rl\u00fc yap\u0131 sayesinde otomatik ve yumu\u015fat\u0131lm\u0131\u015f olarak sa\u011flan\u0131r.<\/p>\n<p>Tripod kollar\u0131n\u0131n yumu\u015fat\u0131lm\u0131\u015f hareketi \u00f6nceden ayarlanabilir hidrolik amortis\u00f6r ile sa\u011flan\u0131r.<\/p>\n<p>B\u00f6ylece, ani \u00e7arpmalar \u00f6nlenir ve sessiz \u00e7al\u0131\u015fma temin edilir.<\/p>\n<p>Turnikenin yere ba\u011flanmas\u0131 \u00f6zel bir yer ba\u011flant\u0131s\u0131 ile kolayla\u015ft\u0131r\u0131lm\u0131\u015ft\u0131r. Yer ba\u011flant\u0131s\u0131 kablo kanallar\u0131na olabilecek s\u0131zmalar\u0131 da \u00f6nleyecek \u015fekilde ba\u011f\u0131ms\u0131z olarak zemine tutturulmak \u00fczere tasarlanm\u0131\u015ft\u0131r.<\/p>\n<p>Her iki y\u00f6nde, birer adet durum \u0131\u015f\u0131\u011f\u0131 bulunur. Ye\u015fil renkli ok i\u015fareti turnikenin o y\u00f6ne ge\u00e7i\u015fe a\u00e7\u0131k, k\u0131rm\u0131z renkli \u00e7arp\u0131 i\u015fareti ge\u00e7i\u015fe kapal\u0131 oldu\u011funu g\u00f6sterir.<\/p>\n<p>Elektronik ge\u00e7i\u015f kontrol sisteminden kumandal\u0131 sesli ikaz, sistem i\u00e7indeki hoparl\u00f6r ile sa\u011flan\u0131r.<\/p>\n<p>Turnike kontrol kart\u0131 \u201cge\u00e7i\u015f ba\u015flad\u0131\u201d, \u201cge\u00e7i\u015f tamamland\u0131\u201d sinyalleri \u00fcretir.<\/p>\n<p>Sistemin t\u00fcm k\u00f6\u015fe ve kenarlar\u0131 emniyet i\u00e7in yuvarlat\u0131lm\u0131\u015ft\u0131r.<\/p>\n<p>Montaj ve kablaj kolayl\u0131\u011f\u0131 sa\u011flay\u0131c\u0131 paslanmaz \u00e7elik y\u00fcksetilmi\u015f taban mod\u00fclleri ile yine paslanmaz \u00e7elik yaya y\u00f6nlendirici aksesuarlar mevcuttur.<\/p>\n<p>Turnike \u00fczerine barkod, manyetik, proximity ve TOM vb. okuyucular monte edilebilece\u011fi gibi, jetonlu modeller de mevcuttur.<\/p>\n<p>Turnikeler tasarlan\u0131rken, T\u00fcrkiye \u015fartlar\u0131na ve kullan\u0131m\u0131na uygun, mod\u00fcller ve kolay de\u011fi\u015ftirilebilir par\u00e7alardan imal edilme prensibinden hareket edildi.<\/p>\n<p>Ortaya \u00e7\u0131kan \u00fcr\u00fcn toplu ula\u015f\u0131m istasyonlar\u0131nda g\u00fcnde y\u00fczbinlerce ge\u00e7i\u015fle ; iskelelerde rutubet alt\u0131nda ; uzak fabrikalarda sert kullan\u0131mla senelerce denendi ve s\u00fcrekli geli\u015ftirildi.<\/p>\n<p>Halen y\u00fczlercesi monte edilmi\u015f ve en zor \u015fartlar alt\u0131nda denenmi\u015f olan Turnikeler fabrikalarda, stadyumlarda, i\u015f merkezlerinde, okullarda, yemekhanelerde, k\u0131sacas\u0131 t\u00fcm kontroll\u00fc ge\u00e7i\u015f gerektiren mekanlarda kullan\u0131labilir.<\/p>\n","protected":false},"excerpt":{"rendered":"<h3>Turnikeler<\/h3>\n<p>Ana g\u00f6vde ve tripod kollar\u0131 paslanmaz \u00e7elikten, di\u011fer aksam ve par\u00e7alar korozyona mukavim galvaniz kapl\u0131.<\/p>\n<p>\u00c7ift y\u00f6nl\u00fc, istenirse tek y\u00f6nl\u00fc olarak ge\u00e7i\u015fe kapat\u0131labilir.<\/p>\n<p>Ergonomik tasar\u0131m\u0131 sayesinde hareketli mod\u00fcller kolayl\u0131kla s\u00f6k\u00fcl\u00fcp bak\u0131m yap\u0131labilir.<\/p>\n<p>Kapa\u011f\u0131n alt\u0131na yerle\u015ftirilen raf sistemi ile kontrol kart\u0131 turnike i\u00e7ine kolayca monte edilebilir.<\/p>\n<p>Y\u00fczde y\u00fcz yerli tasar\u0131m ve \u00fcretimi sayesinde ucuz ve h\u0131zl\u0131 yedek par\u00e7a, Giri\u015f\/\u00e7\u0131k\u0131\u015f y\u00f6n\u00fcnde tripod kilitlemesi selenoidlerle sa\u011flan\u0131r.<\/p>\n","protected":false},"featured_media":10645,"comment_status":"open","ping_status":"closed","template":"","meta":[],"product_brand":[],"product_cat":[12],"product_tag":[],"class_list":{"0":"post-1583","1":"product","2":"type-product","3":"status-publish","4":"has-post-thumbnail","6":"product_cat-guvenlik-urunleri","8":"first","9":"instock","10":"shipping-taxable","11":"product-type-simple"},"_links":{"self":[{"href":"https:\/\/ks1teknoloji.com\/index.php?rest_route=\/wp\/v2\/product\/1583","targetHints":{"allow":["GET"]}}],"collection":[{"href":"https:\/\/ks1teknoloji.com\/index.php?rest_route=\/wp\/v2\/product"}],"about":[{"href":"https:\/\/ks1teknoloji.com\/index.php?rest_route=\/wp\/v2\/types\/product"}],"replies":[{"embeddable":true,"href":"https:\/\/ks1teknoloji.com\/index.php?rest_route=%2Fwp%2Fv2%2Fcomments&post=1583"}],"wp:featuredmedia":[{"embeddable":true,"href":"https:\/\/ks1teknoloji.com\/index.php?rest_route=\/wp\/v2\/media\/10645"}],"wp:attachment":[{"href":"https:\/\/ks1teknoloji.com\/index.php?rest_route=%2Fwp%2Fv2%2Fmedia&parent=1583"}],"wp:term":[{"taxonomy":"product_brand","embeddable":true,"href":"https:\/\/ks1teknoloji.com\/index.php?rest_route=%2Fwp%2Fv2%2Fproduct_brand&post=1583"},{"taxonomy":"product_cat","embeddable":true,"href":"https:\/\/ks1teknoloji.com\/index.php?rest_route=%2Fwp%2Fv2%2Fproduct_cat&post=1583"},{"taxonomy":"product_tag","embeddable":true,"href":"https:\/\/ks1teknoloji.com\/index.php?rest_route=%2Fwp%2Fv2%2Fproduct_tag&post=1583"}],"curies":[{"name":"wp","href":"https:\/\/api.w.org\/{rel}","templated":true}]}}