{"id":10648,"date":"2025-11-12T13:09:19","date_gmt":"2025-11-12T10:09:19","guid":{"rendered":"https:\/\/ks1teknoloji.online\/?post_type=product&#038;p=10648"},"modified":"2025-11-12T13:11:51","modified_gmt":"2025-11-12T10:11:51","slug":"hikvision-ds-2ce16d0t","status":"publish","type":"product","link":"https:\/\/ks1teknoloji.com\/?product=hikvision-ds-2ce16d0t","title":{"rendered":"Hikvision DS-2CE16D0T"},"content":{"rendered":"<div>\n<p><strong>Teknik \u00d6zellikleri :<\/strong><\/p>\n<p>&nbsp;<\/p>\n<\/div>\n<div><strong>\u00c7\u00f6z\u00fcn\u00fcrl\u00fck : HD1080P<\/strong><\/div>\n<div><strong>Piksel Say\u0131s\u0131 : 1930(H) \u00d7 1088(V)<\/strong><\/div>\n<div><strong>Minumum I\u015f\u0131k Gereksinimi : 0.01 Lux (F1.2,AGC ON),0 Lux with IR<\/strong><\/div>\n<div><strong>Lens : 3,6mm<\/strong><\/div>\n<div><strong>Gece G\u00f6r\u00fc\u015f Mesafesi : 20mt IR mesafesi<\/strong><\/div>\n<div><strong>Shutter H\u0131z\u0131 : 1\/25(1\/30) s to 1\/50,000 s<\/strong><\/div>\n<div><strong>Video \u00c7\u0131k\u0131\u015f\u0131 : Switchable TVI\/AHD\/CVI\/CVBS<\/strong><\/div>\n<div><strong>G\u00fc\u00e7 T\u00fcketimi : Max. 3.3 W<\/strong><\/div>\n<div><strong>\u00c7al\u0131\u015fma S\u0131cakl\u0131\u011f\u0131 : -40 \u00b0C &#8211; 60 \u00b0C<\/strong><\/div>\n<div><strong>Nem : IP66<\/strong><\/div>\n<div><strong>Ba\u011flant\u0131 Tipi Kablolu<\/strong><\/div>\n<div><strong>Gece G\u00f6r\u00fc\u015f Deste\u011fi Var<\/strong><\/div>\n<div><strong>Garanti 24 Ay<\/strong><\/div>\n","protected":false},"excerpt":{"rendered":"<div>\n<p><strong>Teknik \u00d6zellikleri :<\/strong><\/p>\n<p>&nbsp;<\/p>\n<\/div>\n<div><strong>\u00c7\u00f6z\u00fcn\u00fcrl\u00fck : HD1080P<\/strong><\/div>\n<div><strong>Piksel Say\u0131s\u0131 : 1930(H) \u00d7 1088(V)<\/strong><\/div>\n<div><strong>Minumum I\u015f\u0131k Gereksinimi : 0.01 Lux (F1.2,AGC ON),0 Lux with IR<\/strong><\/div>\n<div><strong>Lens : 3,6mm<\/strong><\/div>\n<div><strong>Gece G\u00f6r\u00fc\u015f Mesafesi : 20mt IR mesafesi<\/strong><\/div>\n<div><strong>Shutter H\u0131z\u0131 : 1\/25(1\/30) s to 1\/50,000 s<\/strong><\/div>\n<div><strong>Video \u00c7\u0131k\u0131\u015f\u0131 : Switchable TVI\/AHD\/CVI\/CVBS<\/strong><\/div>\n<div><strong>G\u00fc\u00e7 T\u00fcketimi : Max. 3.3 W<\/strong><\/div>\n<div><strong>\u00c7al\u0131\u015fma S\u0131cakl\u0131\u011f\u0131 : -40 \u00b0C &#8211; 60 \u00b0C<\/strong><\/div>\n<div><strong>Nem : IP66<\/strong><\/div>\n<div><strong>Ba\u011flant\u0131 Tipi Kablolu<\/strong><\/div>\n<div><strong>Gece G\u00f6r\u00fc\u015f Deste\u011fi Var<\/strong><\/div>\n<div><strong>Garanti 24 Ay<\/strong><\/div>\n","protected":false},"featured_media":10649,"comment_status":"open","ping_status":"closed","template":"","meta":[],"product_brand":[],"product_cat":[12],"product_tag":[],"class_list":{"0":"post-10648","1":"product","2":"type-product","3":"status-publish","4":"has-post-thumbnail","6":"product_cat-guvenlik-urunleri","8":"first","9":"instock","10":"shipping-taxable","11":"product-type-simple"},"_links":{"self":[{"href":"https:\/\/ks1teknoloji.com\/index.php?rest_route=\/wp\/v2\/product\/10648","targetHints":{"allow":["GET"]}}],"collection":[{"href":"https:\/\/ks1teknoloji.com\/index.php?rest_route=\/wp\/v2\/product"}],"about":[{"href":"https:\/\/ks1teknoloji.com\/index.php?rest_route=\/wp\/v2\/types\/product"}],"replies":[{"embeddable":true,"href":"https:\/\/ks1teknoloji.com\/index.php?rest_route=%2Fwp%2Fv2%2Fcomments&post=10648"}],"wp:featuredmedia":[{"embeddable":true,"href":"https:\/\/ks1teknoloji.com\/index.php?rest_route=\/wp\/v2\/media\/10649"}],"wp:attachment":[{"href":"https:\/\/ks1teknoloji.com\/index.php?rest_route=%2Fwp%2Fv2%2Fmedia&parent=10648"}],"wp:term":[{"taxonomy":"product_brand","embeddable":true,"href":"https:\/\/ks1teknoloji.com\/index.php?rest_route=%2Fwp%2Fv2%2Fproduct_brand&post=10648"},{"taxonomy":"product_cat","embeddable":true,"href":"https:\/\/ks1teknoloji.com\/index.php?rest_route=%2Fwp%2Fv2%2Fproduct_cat&post=10648"},{"taxonomy":"product_tag","embeddable":true,"href":"https:\/\/ks1teknoloji.com\/index.php?rest_route=%2Fwp%2Fv2%2Fproduct_tag&post=10648"}],"curies":[{"name":"wp","href":"https:\/\/api.w.org\/{rel}","templated":true}]}}