{"id":10641,"date":"2025-11-12T12:09:31","date_gmt":"2025-11-12T09:09:31","guid":{"rendered":"https:\/\/ks1teknoloji.online\/?post_type=product&#038;p=10641"},"modified":"2025-11-12T12:12:25","modified_gmt":"2025-11-12T09:12:25","slug":"otopark-ve-bahce-kapilari","status":"publish","type":"product","link":"https:\/\/ks1teknoloji.com\/?product=otopark-ve-bahce-kapilari","title":{"rendered":"Otopark ve Bah\u00e7e Kap\u0131lar\u0131"},"content":{"rendered":"<p>Uzaktan kumandal\u0131 yada, bilgisayarl\u0131 giri\u015f sistemleri ile \u00e7al\u0131\u015f\u0131rlar. Giri\u015f \u00e7\u0131k\u0131\u015f trafi\u011fini g\u00fcvenli \u015fekilde kontrol ederler. 2 mt. ile 6 mt ye kadar, istenilen boyutlarda projeye uygun olarak kullan\u0131c\u0131ya sunulmaktad\u0131r.<\/p>\n<p>Otoyollarda, \u00fccretli ve \u00fccretsiz otoparklarda, havaalanlar\u0131nda, hastanelerde, al\u0131\u015fveri\u015f merkezleri, i\u015f merkezlerinde, konutlarda, fabrika giri\u015flerinde kullan\u0131l\u0131rlar.<\/p>\n","protected":false},"excerpt":{"rendered":"<h4>Otopark Ve Bah\u00e7e Kap\u0131lar\u0131<\/h4>\n<p>Uzaktan kumandal\u0131 yada, bilgisayarl\u0131 giri\u015f sistemleri ile \u00e7al\u0131\u015f\u0131rlar. Giri\u015f \u00e7\u0131k\u0131\u015f trafi\u011fini g\u00fcvenli \u015fekilde kontrol ederler. 2 mt. ile 6 mt ye kadar, istenilen boyutlarda projeye uygun olarak kullan\u0131c\u0131ya sunulmaktad\u0131r.<\/p>\n<p>Otoyollarda, \u00fccretli ve \u00fccretsiz otoparklarda, havaalanlar\u0131nda, hastanelerde, al\u0131\u015fveri\u015f merkezleri, i\u015f merkezlerinde, konutlarda, fabrika giri\u015flerinde kullan\u0131l\u0131rlar.<\/p>\n","protected":false},"featured_media":10642,"comment_status":"open","ping_status":"closed","template":"","meta":[],"product_brand":[],"product_cat":[12],"product_tag":[],"class_list":{"0":"post-10641","1":"product","2":"type-product","3":"status-publish","4":"has-post-thumbnail","6":"product_cat-guvenlik-urunleri","8":"first","9":"instock","10":"shipping-taxable","11":"product-type-simple"},"_links":{"self":[{"href":"https:\/\/ks1teknoloji.com\/index.php?rest_route=\/wp\/v2\/product\/10641","targetHints":{"allow":["GET"]}}],"collection":[{"href":"https:\/\/ks1teknoloji.com\/index.php?rest_route=\/wp\/v2\/product"}],"about":[{"href":"https:\/\/ks1teknoloji.com\/index.php?rest_route=\/wp\/v2\/types\/product"}],"replies":[{"embeddable":true,"href":"https:\/\/ks1teknoloji.com\/index.php?rest_route=%2Fwp%2Fv2%2Fcomments&post=10641"}],"wp:featuredmedia":[{"embeddable":true,"href":"https:\/\/ks1teknoloji.com\/index.php?rest_route=\/wp\/v2\/media\/10642"}],"wp:attachment":[{"href":"https:\/\/ks1teknoloji.com\/index.php?rest_route=%2Fwp%2Fv2%2Fmedia&parent=10641"}],"wp:term":[{"taxonomy":"product_brand","embeddable":true,"href":"https:\/\/ks1teknoloji.com\/index.php?rest_route=%2Fwp%2Fv2%2Fproduct_brand&post=10641"},{"taxonomy":"product_cat","embeddable":true,"href":"https:\/\/ks1teknoloji.com\/index.php?rest_route=%2Fwp%2Fv2%2Fproduct_cat&post=10641"},{"taxonomy":"product_tag","embeddable":true,"href":"https:\/\/ks1teknoloji.com\/index.php?rest_route=%2Fwp%2Fv2%2Fproduct_tag&post=10641"}],"curies":[{"name":"wp","href":"https:\/\/api.w.org\/{rel}","templated":true}]}}