{"id":10638,"date":"2025-11-12T12:05:16","date_gmt":"2025-11-12T09:05:16","guid":{"rendered":"https:\/\/ks1teknoloji.online\/?post_type=product&#038;p=10638"},"modified":"2025-11-12T12:08:49","modified_gmt":"2025-11-12T09:08:49","slug":"garaj-kapilari","status":"publish","type":"product","link":"https:\/\/ks1teknoloji.com\/?product=garaj-kapilari","title":{"rendered":"Garaj Kap\u0131lar\u0131"},"content":{"rendered":"<h3>Garaj Kap\u0131lar\u0131<\/h3>\n<p>Konutlarda garaj kap\u0131s\u0131 en \u00f6nemli ki\u015fisel yat\u0131r\u0131mlardan biri olan otomobilleri olumsuz iklim ko\u015fullar\u0131na ve h\u0131rs\u0131zl\u0131\u011fa kar\u015f\u0131 koruyan modern, pratik ve estetik modelleri konutlar\u0131n yap\u0131s\u0131na uygun tasar\u0131mlarla sunulmaktad\u0131r.<\/p>\n<p><strong>Teknik \u00d6zellikler<\/strong><\/p>\n<ul>\n<li>Dekoratif seksiyonel paneller<\/li>\n<li>D\u00fcz veya Ah\u015fap Kaplamal\u0131<\/li>\n<li>D\u00fcz veya g\u00f6bekli panel alternatifli<\/li>\n<li>Sizlerin be\u011fenisi ve projesi do\u011frultusunda, \u00fcretilebilecek, t\u00fcm access ge\u00e7i\u015f sisteminin uygulanabildi\u011fi otomatik veya manuel uygulamalard\u0131r.<\/li>\n<li>Emniyet Fotoselli<\/li>\n<li>Yap\u0131ya uygun yataklama se\u00e7enekleri<\/li>\n<li>Galvanizli \u00e7elik ve poli\u00fcretan izolasyonlu paneller<\/li>\n<li>Darbelere ve r\u00fczgara kar\u015f\u0131 kap\u0131n\u0131n dayan\u0131kl\u0131l\u0131\u011f\u0131n\u0131 artt\u0131ran g\u00fc\u00e7lendirilmi\u015f paneller<\/li>\n<li>\u00d6zel \u015fifrelendirilmi\u015f uzaktan kumanda<\/li>\n<li>Elektrik kesilmelerinde elle kolayca a\u00e7\u0131l\u0131p kapanabilme<\/li>\n<\/ul>\n","protected":false},"excerpt":{"rendered":"<h3>Garaj Kap\u0131lar\u0131<\/h3>\n<p>Konutlarda garaj kap\u0131s\u0131 en \u00f6nemli ki\u015fisel yat\u0131r\u0131mlardan biri olan otomobilleri olumsuz iklim ko\u015fullar\u0131na ve h\u0131rs\u0131zl\u0131\u011fa kar\u015f\u0131 koruyan modern, pratik ve estetik modelleri konutlar\u0131n yap\u0131s\u0131na uygun tasar\u0131mlarla sunulmaktad\u0131r.<\/p>\n","protected":false},"featured_media":10178,"comment_status":"open","ping_status":"closed","template":"","meta":[],"product_brand":[],"product_cat":[12],"product_tag":[],"class_list":{"0":"post-10638","1":"product","2":"type-product","3":"status-publish","4":"has-post-thumbnail","6":"product_cat-guvenlik-urunleri","8":"first","9":"instock","10":"shipping-taxable","11":"product-type-simple"},"_links":{"self":[{"href":"https:\/\/ks1teknoloji.com\/index.php?rest_route=\/wp\/v2\/product\/10638","targetHints":{"allow":["GET"]}}],"collection":[{"href":"https:\/\/ks1teknoloji.com\/index.php?rest_route=\/wp\/v2\/product"}],"about":[{"href":"https:\/\/ks1teknoloji.com\/index.php?rest_route=\/wp\/v2\/types\/product"}],"replies":[{"embeddable":true,"href":"https:\/\/ks1teknoloji.com\/index.php?rest_route=%2Fwp%2Fv2%2Fcomments&post=10638"}],"wp:featuredmedia":[{"embeddable":true,"href":"https:\/\/ks1teknoloji.com\/index.php?rest_route=\/wp\/v2\/media\/10178"}],"wp:attachment":[{"href":"https:\/\/ks1teknoloji.com\/index.php?rest_route=%2Fwp%2Fv2%2Fmedia&parent=10638"}],"wp:term":[{"taxonomy":"product_brand","embeddable":true,"href":"https:\/\/ks1teknoloji.com\/index.php?rest_route=%2Fwp%2Fv2%2Fproduct_brand&post=10638"},{"taxonomy":"product_cat","embeddable":true,"href":"https:\/\/ks1teknoloji.com\/index.php?rest_route=%2Fwp%2Fv2%2Fproduct_cat&post=10638"},{"taxonomy":"product_tag","embeddable":true,"href":"https:\/\/ks1teknoloji.com\/index.php?rest_route=%2Fwp%2Fv2%2Fproduct_tag&post=10638"}],"curies":[{"name":"wp","href":"https:\/\/api.w.org\/{rel}","templated":true}]}}