{"id":37,"date":"2021-09-23T03:28:28","date_gmt":"2021-09-23T03:28:28","guid":{"rendered":"https:\/\/demo.casethemes.net\/itfirm\/?page_id=37"},"modified":"2025-11-14T14:37:42","modified_gmt":"2025-11-14T11:37:42","slug":"portfolio-grid","status":"publish","type":"page","link":"https:\/\/ks1teknoloji.com\/?page_id=37","title":{"rendered":"Referanslar\u0131m\u0131z"},"content":{"rendered":"\t\t<div data-elementor-type=\"wp-page\" data-elementor-id=\"37\" class=\"elementor elementor-37\">\n\t\t\t\t        <section class=\"elementor-section elementor-top-section elementor-element elementor-element-60e07143 elementor-section-stretched elementor-section-boxed elementor-section-height-default elementor-section-height-default ct-header-fixed-none ct-column-none ct-row-scroll-none ct-row-gradient--none\" data-id=\"60e07143\" data-element_type=\"section\" data-e-type=\"section\" data-settings=\"{&quot;stretch_section&quot;:&quot;section-stretched&quot;}\">\n            \n                        <div class=\"elementor-container elementor-column-gap-extended \">\n                    <div class=\"elementor-column elementor-col-100 elementor-top-column elementor-element elementor-element-712b9433 ct-column-none col-offset-none col-color-offset-none\" data-id=\"712b9433\" data-element_type=\"column\" data-e-type=\"column\">\n        <div class=\"elementor-widget-wrap elementor-element-populated\">\n                    \n        \t\t<div class=\"elementor-element elementor-element-43b742c elementor-widget elementor-widget-ct_portfolio_grid\" data-id=\"43b742c\" data-element_type=\"widget\" data-e-type=\"widget\" data-widget_type=\"ct_portfolio_grid.default\">\n\t\t\t\t<div class=\"elementor-widget-container\">\n\t\t\t\t\t\n<div id=\"ct_portfolio_grid-43b742c\" class=\"ct-grid ct-portfolio ct-portfolio-grid1 item--default-space\" data-layout=\"masonry\" data-start-page=\"1\" data-max-pages=\"1\" data-total=\"8\" data-perpage=\"16\" data-next-link=\"\">\n    \n    <div class=\"ct-grid-inner ct-grid-masonry row animate-time\" data-gutter=\"15\">\n                            <div class=\"grid-item col-xl-3 col-lg-3 col-md-6 col-sm-6 col-12 mardin\">\n                        <div class=\"grid-item-inner \" data-wow-duration=\"1.2s\">\n                            <div class=\"item--featured\">\n                                <img fetchpriority=\"high\" decoding=\"async\" class=\"no-lazyload \" src=\"https:\/\/ks1teknoloji.com\/wp-content\/uploads\/2025\/11\/IMG_0058-scaled-600x589.jpg\" width=\"600\" height=\"589\" alt=\"IMG_0058\" title=\"IMG_0058\" \/>                            <\/div>\n                            <div class=\"item--meta\">\n                                                                    <h4 class=\"item--title\">\n                                        <a href=\"https:\/\/ks1teknoloji.com\/?portfolio=mardin-nusaybin-ilce-kaymakamligi\">                                            Mardin \/ Nusaybin \u0130l\u00e7e Kaymakaml\u0131\u011f\u0131                                        <\/a>                                    <\/h4>\n                                                                                                    <div class=\"item--category\">\n                                        <a href=\"https:\/\/ks1teknoloji.com\/?portfolio-category=mardin\" rel=\"tag\">Mardin<\/a>                                    <\/div>\n                                                            <\/div>\n                            <div class=\"item--holder\">\n                                <div class=\"item--holder-inner\">\n                                                                            <div class=\"item--content\">\n                                            Mardin \/ Nusaybin Kaymakaml\u0131\u011f\u0131 Road Blocker Kurulumu                                        <\/div>\n                                                                                                                <div class=\"item--readmore\">\n                                            <a href=\"https:\/\/ks1teknoloji.com\/?portfolio=mardin-nusaybin-ilce-kaymakamligi\">+<\/a>\n                                        <\/div>\n                                                                    <\/div>\n                            <\/div>\n                        <\/div>\n                    <\/div>\n                                <div class=\"grid-item col-xl-3 col-lg-3 col-md-6 col-sm-6 col-12 hakkari\">\n                        <div class=\"grid-item-inner \" data-wow-duration=\"1.2s\">\n                            <div class=\"item--featured\">\n                                <img decoding=\"async\" class=\"no-lazyload \" src=\"https:\/\/ks1teknoloji.com\/wp-content\/uploads\/2025\/11\/IMG_9902-scaled-600x589.jpg\" width=\"600\" height=\"589\" alt=\"IMG_9902\" title=\"IMG_9902\" \/>                            <\/div>\n                            <div class=\"item--meta\">\n                                                                    <h4 class=\"item--title\">\n                                        <a href=\"https:\/\/ks1teknoloji.com\/?portfolio=hakkari-yuksekova-polis-ozel-harekat\">                                            Hakkari \/ Y\u00fcksekova Polis \u00d6zel Harekat                                        <\/a>                                    <\/h4>\n                                                                                                    <div class=\"item--category\">\n                                        <a href=\"https:\/\/ks1teknoloji.com\/?portfolio-category=hakkari\" rel=\"tag\">Hakkari<\/a>                                    <\/div>\n                                                            <\/div>\n                            <div class=\"item--holder\">\n                                <div class=\"item--holder-inner\">\n                                                                            <div class=\"item--content\">\n                                            Hakkari \/ Y\u00fcksekova Polis \u00d6zel Harekat Road Blocker Kurulumu                                        <\/div>\n                                                                                                                <div class=\"item--readmore\">\n                                            <a href=\"https:\/\/ks1teknoloji.com\/?portfolio=hakkari-yuksekova-polis-ozel-harekat\">+<\/a>\n                                        <\/div>\n                                                                    <\/div>\n                            <\/div>\n                        <\/div>\n                    <\/div>\n                                <div class=\"grid-item col-xl-3 col-lg-3 col-md-6 col-sm-6 col-12 hakkari\">\n                        <div class=\"grid-item-inner \" data-wow-duration=\"1.2s\">\n                            <div class=\"item--featured\">\n                                <img decoding=\"async\" class=\"no-lazyload \" src=\"https:\/\/ks1teknoloji.com\/wp-content\/uploads\/2025\/11\/IMG_9540-scaled-600x589.jpg\" width=\"600\" height=\"589\" alt=\"IMG_9540\" title=\"IMG_9540\" \/>                            <\/div>\n                            <div class=\"item--meta\">\n                                                                    <h4 class=\"item--title\">\n                                        <a href=\"https:\/\/ks1teknoloji.com\/?portfolio=hakkari-yuksekova-ilce-kaymakamligi\">                                            Hakkari \/ Y\u00fcksekova \u0130l\u00e7e Kaymakaml\u0131\u011f\u0131                                        <\/a>                                    <\/h4>\n                                                                                                    <div class=\"item--category\">\n                                        <a href=\"https:\/\/ks1teknoloji.com\/?portfolio-category=hakkari\" rel=\"tag\">Hakkari<\/a>                                    <\/div>\n                                                            <\/div>\n                            <div class=\"item--holder\">\n                                <div class=\"item--holder-inner\">\n                                                                            <div class=\"item--content\">\n                                            Hakkari \/ Y\u00fcksekova \u0130l\u00e7e Kaymakaml\u0131\u011f\u0131 Road Blocker                                        <\/div>\n                                                                                                                <div class=\"item--readmore\">\n                                            <a href=\"https:\/\/ks1teknoloji.com\/?portfolio=hakkari-yuksekova-ilce-kaymakamligi\">+<\/a>\n                                        <\/div>\n                                                                    <\/div>\n                            <\/div>\n                        <\/div>\n                    <\/div>\n                                <div class=\"grid-item col-xl-3 col-lg-3 col-md-6 col-sm-6 col-12 batman\">\n                        <div class=\"grid-item-inner \" data-wow-duration=\"1.2s\">\n                            <div class=\"item--featured\">\n                                <img loading=\"lazy\" decoding=\"async\" class=\"no-lazyload \" src=\"https:\/\/ks1teknoloji.com\/wp-content\/uploads\/2025\/11\/mini_veri-600x589.jpg\" width=\"600\" height=\"589\" alt=\"mini_veri\" title=\"mini_veri\" \/>                            <\/div>\n                            <div class=\"item--meta\">\n                                                                    <h4 class=\"item--title\">\n                                        <a href=\"https:\/\/ks1teknoloji.com\/?portfolio=batman-dunya-hastanesi\">                                            Batman D\u00fcnya Hastanesi                                        <\/a>                                    <\/h4>\n                                                                                                    <div class=\"item--category\">\n                                        <a href=\"https:\/\/ks1teknoloji.com\/?portfolio-category=batman\" rel=\"tag\">Batman<\/a>                                    <\/div>\n                                                            <\/div>\n                            <div class=\"item--holder\">\n                                <div class=\"item--holder-inner\">\n                                                                            <div class=\"item--content\">\n                                            Batman D\u00fcnya Hastanesi Sistem Odas\u0131 Kurulumu ve Devreye Al\u0131nmas\u0131                                        <\/div>\n                                                                                                                <div class=\"item--readmore\">\n                                            <a href=\"https:\/\/ks1teknoloji.com\/?portfolio=batman-dunya-hastanesi\">+<\/a>\n                                        <\/div>\n                                                                    <\/div>\n                            <\/div>\n                        <\/div>\n                    <\/div>\n                                <div class=\"grid-item col-xl-3 col-lg-3 col-md-6 col-sm-6 col-12 diyarbaki\">\n                        <div class=\"grid-item-inner \" data-wow-duration=\"1.2s\">\n                            <div class=\"item--featured\">\n                                <img loading=\"lazy\" decoding=\"async\" class=\"no-lazyload \" src=\"https:\/\/ks1teknoloji.com\/wp-content\/uploads\/2025\/11\/IMG_6804-scaled-600x589.jpg\" width=\"600\" height=\"589\" alt=\"IMG_6804\" title=\"IMG_6804\" \/>                            <\/div>\n                            <div class=\"item--meta\">\n                                                                    <h4 class=\"item--title\">\n                                        <a href=\"https:\/\/ks1teknoloji.com\/?portfolio=lice-tabur-komutanligi\">                                            Lice Tabur Komutanl\u0131\u011f\u0131                                        <\/a>                                    <\/h4>\n                                                                                                    <div class=\"item--category\">\n                                        <a href=\"https:\/\/ks1teknoloji.com\/?portfolio-category=diyarbaki\" rel=\"tag\">Diyarbak\u0131r<\/a>                                    <\/div>\n                                                            <\/div>\n                            <div class=\"item--holder\">\n                                <div class=\"item--holder-inner\">\n                                                                            <div class=\"item--content\">\n                                            Diyarbak\u0131r \/ Lice Tabur Komutanl\u0131\u011f\u0131 Road Blocker Sistemi Kurulumu ve Devreye Al\u0131nmas\u0131                                        <\/div>\n                                                                                                                <div class=\"item--readmore\">\n                                            <a href=\"https:\/\/ks1teknoloji.com\/?portfolio=lice-tabur-komutanligi\">+<\/a>\n                                        <\/div>\n                                                                    <\/div>\n                            <\/div>\n                        <\/div>\n                    <\/div>\n                                <div class=\"grid-item col-xl-3 col-lg-3 col-md-6 col-sm-6 col-12 sirnak\">\n                        <div class=\"grid-item-inner \" data-wow-duration=\"1.2s\">\n                            <div class=\"item--featured\">\n                                <img loading=\"lazy\" decoding=\"async\" class=\"no-lazyload \" src=\"https:\/\/ks1teknoloji.com\/wp-content\/uploads\/2021\/09\/Cizre.png\" width=\"510\" height=\"504\" alt=\"Cizre\" title=\"Cizre\" \/>                            <\/div>\n                            <div class=\"item--meta\">\n                                                                    <h4 class=\"item--title\">\n                                        <a href=\"https:\/\/ks1teknoloji.com\/?portfolio=cizre-kaymakamligi\">                                            \u015e\u0131rnak \/ Cizre Kaymakaml\u0131\u011f\u0131                                        <\/a>                                    <\/h4>\n                                                                                                    <div class=\"item--category\">\n                                        <a href=\"https:\/\/ks1teknoloji.com\/?portfolio-category=sirnak\" rel=\"tag\">\u015e\u0131rnak<\/a>                                    <\/div>\n                                                            <\/div>\n                            <div class=\"item--holder\">\n                                <div class=\"item--holder-inner\">\n                                                                            <div class=\"item--content\">\n                                            Cizre Kaymakaml\u0131\u011f\u0131 Mantar Bariyer ve Road Blocker Sistemi Kurulumu ve Devreye Al\u0131nmas\u0131                                        <\/div>\n                                                                                                                <div class=\"item--readmore\">\n                                            <a href=\"https:\/\/ks1teknoloji.com\/?portfolio=cizre-kaymakamligi\">+<\/a>\n                                        <\/div>\n                                                                    <\/div>\n                            <\/div>\n                        <\/div>\n                    <\/div>\n                                <div class=\"grid-item col-xl-3 col-lg-3 col-md-6 col-sm-6 col-12 van\">\n                        <div class=\"grid-item-inner \" data-wow-duration=\"1.2s\">\n                            <div class=\"item--featured\">\n                                <img loading=\"lazy\" decoding=\"async\" class=\"no-lazyload \" src=\"https:\/\/ks1teknoloji.com\/wp-content\/uploads\/2021\/09\/IMG_5419-scaled-600x589.jpg\" width=\"600\" height=\"589\" alt=\"IMG_5419\" title=\"IMG_5419\" \/>                            <\/div>\n                            <div class=\"item--meta\">\n                                                                    <h4 class=\"item--title\">\n                                        <a href=\"https:\/\/ks1teknoloji.com\/?portfolio=firewall-advance\">                                            \u00c7ald\u0131ran \u0130l\u00e7e Emniyet M\u00fcd\u00fcrl\u00fc\u011f\u00fc                                        <\/a>                                    <\/h4>\n                                                                                                    <div class=\"item--category\">\n                                        <a href=\"https:\/\/ks1teknoloji.com\/?portfolio-category=van\" rel=\"tag\">Van<\/a>                                    <\/div>\n                                                            <\/div>\n                            <div class=\"item--holder\">\n                                <div class=\"item--holder-inner\">\n                                                                            <div class=\"item--content\">\n                                            Van \/ \u00c7ald\u0131ran \u0130l\u00e7e Emniyet M\u00fcd\u00fcrl\u00fc\u011f\u00fc Turnike Ge\u00e7i\u015f Sistemi                                        <\/div>\n                                                                                                                <div class=\"item--readmore\">\n                                            <a href=\"https:\/\/ks1teknoloji.com\/?portfolio=firewall-advance\">+<\/a>\n                                        <\/div>\n                                                                    <\/div>\n                            <\/div>\n                        <\/div>\n                    <\/div>\n                                <div class=\"grid-item col-xl-3 col-lg-3 col-md-6 col-sm-6 col-12 van\">\n                        <div class=\"grid-item-inner \" data-wow-duration=\"1.2s\">\n                            <div class=\"item--featured\">\n                                <img loading=\"lazy\" decoding=\"async\" class=\"no-lazyload \" src=\"https:\/\/ks1teknoloji.com\/wp-content\/uploads\/2021\/09\/IMG_5463-scaled-600x589.jpg\" width=\"600\" height=\"589\" alt=\"IMG_5463\" title=\"IMG_5463\" \/>                            <\/div>\n                            <div class=\"item--meta\">\n                                                                    <h4 class=\"item--title\">\n                                        <a href=\"https:\/\/ks1teknoloji.com\/?portfolio=data-management\">                                            Van \/ \u00c7ald\u0131ran Kaymakaml\u0131\u011f\u0131                                        <\/a>                                    <\/h4>\n                                                                                                    <div class=\"item--category\">\n                                        <a href=\"https:\/\/ks1teknoloji.com\/?portfolio-category=van\" rel=\"tag\">Van<\/a>                                    <\/div>\n                                                            <\/div>\n                            <div class=\"item--holder\">\n                                <div class=\"item--holder-inner\">\n                                                                            <div class=\"item--content\">\n                                            Van \/ \u00c7ald\u0131ran Kaymakaml\u0131\u011f\u0131 Road Blocker Kurulumu ve Devreye Al\u0131nmas\u0131                                        <\/div>\n                                                                                                                <div class=\"item--readmore\">\n                                            <a href=\"https:\/\/ks1teknoloji.com\/?portfolio=data-management\">+<\/a>\n                                        <\/div>\n                                                                    <\/div>\n                            <\/div>\n                        <\/div>\n                    <\/div>\n                                <div class=\"grid-sizer col-xl-3 col-lg-3 col-md-6 col-sm-6 col-12\"><\/div>\n            <\/div>\n        <\/div>\t\t\t\t<\/div>\n\t\t\t\t<\/div>\n\t\t            <\/div>\n        <\/div>\n                    <\/div>\n        <\/section>\n        <div class=\"elementor-element elementor-element-2759d2b e-flex e-con-boxed e-con e-parent\" data-id=\"2759d2b\" data-element_type=\"container\" data-e-type=\"container\">\n\t\t\t\t\t<div class=\"e-con-inner\">\n\t\t\t\t<div class=\"elementor-element elementor-element-f0614cc elementor-widget elementor-widget-ct_progressbar\" data-id=\"f0614cc\" data-element_type=\"widget\" data-e-type=\"widget\" data-widget_type=\"ct_progressbar.default\">\n\t\t\t\t<div class=\"elementor-widget-container\">\n\t\t\t\t\t    <div id=\"ct_progressbar-f0614cc\" class=\"ct-progressbar ct-progressbar1 style1\">\n                    \n            <div class=\"ct-progress-item\">\n                                    <h5 class=\"ct-progress-title\">Road Blocker Kurulumu ve Devreye Al\u0131nmas\u0131 <\/h5>\n                                <div class=\"ct-progress-bar-wrap\">\n                    <div class=\"ct-progress-bar\" role=\"progressbar\" data-valuetransitiongoal=\"92\">\n                        <div class=\"ct-progress-percentage\">92%<\/div>\n                    <\/div>\n                <\/div>\n            <\/div>\n                    \n            <div class=\"ct-progress-item\">\n                                    <h5 class=\"ct-progress-title\">Sistem Odas\u0131 Kurulumu ve Devreye Al\u0131nmas\u0131<\/h5>\n                                <div class=\"ct-progress-bar-wrap\">\n                    <div class=\"ct-progress-bar\" role=\"progressbar\" data-valuetransitiongoal=\"84\">\n                        <div class=\"ct-progress-percentage\">84%<\/div>\n                    <\/div>\n                <\/div>\n            <\/div>\n                    \n            <div class=\"ct-progress-item\">\n                                    <h5 class=\"ct-progress-title\">G\u00fcvenlik Kameras\u0131, \u0130zleme Odas\u0131 ve Devreye Al\u0131nmas\u0131<\/h5>\n                                <div class=\"ct-progress-bar-wrap\">\n                    <div class=\"ct-progress-bar\" role=\"progressbar\" data-valuetransitiongoal=\"73\">\n                        <div class=\"ct-progress-percentage\">73%<\/div>\n                    <\/div>\n                <\/div>\n            <\/div>\n                    \n            <div class=\"ct-progress-item\">\n                                    <h5 class=\"ct-progress-title\">Teknik Servis Hizmeti<\/h5>\n                                <div class=\"ct-progress-bar-wrap\">\n                    <div class=\"ct-progress-bar\" role=\"progressbar\" data-valuetransitiongoal=\"99\">\n                        <div class=\"ct-progress-percentage\">99%<\/div>\n                    <\/div>\n                <\/div>\n            <\/div>\n                    \n            <div class=\"ct-progress-item\">\n                                    <h5 class=\"ct-progress-title\">Otopark Sistemi Kurulumu ve Teknik Servis Deste\u011fi<\/h5>\n                                <div class=\"ct-progress-bar-wrap\">\n                    <div class=\"ct-progress-bar\" role=\"progressbar\" data-valuetransitiongoal=\"68\">\n                        <div class=\"ct-progress-percentage\">68%<\/div>\n                    <\/div>\n                <\/div>\n            <\/div>\n                    \n            <div class=\"ct-progress-item\">\n                                    <h5 class=\"ct-progress-title\">Turnike Ge\u00e7i\u015f Sistemi Kurulum ve Teknik Servis Hizmeti<\/h5>\n                                <div class=\"ct-progress-bar-wrap\">\n                    <div class=\"ct-progress-bar\" role=\"progressbar\" data-valuetransitiongoal=\"86\">\n                        <div class=\"ct-progress-percentage\">86%<\/div>\n                    <\/div>\n                <\/div>\n            <\/div>\n            <\/div>\n\t\t\t\t<\/div>\n\t\t\t\t<\/div>\n\t\t\t\t\t<\/div>\n\t\t\t\t<\/div>\n\t\t\t\t<\/div>\n\t\t","protected":false},"excerpt":{"rendered":"<p>Mardin \/ Nusaybin \u0130l\u00e7e Kaymakaml\u0131\u011f\u0131 Mardin Mardin \/ Nusaybin Kaymakaml\u0131\u011f\u0131 Road Blocker Kurulumu + Hakkari \/ Y\u00fcksekova Polis \u00d6zel Harekat Hakkari Hakkari \/ Y\u00fcksekova Polis \u00d6zel Harekat Road Blocker Kurulumu + Hakkari \/ Y\u00fcksekova \u0130l\u00e7e Kaymakaml\u0131\u011f\u0131 Hakkari Hakkari \/ Y\u00fcksekova \u0130l\u00e7e Kaymakaml\u0131\u011f\u0131 Road Blocker + Batman D\u00fcnya Hastanesi Batman Batman D\u00fcnya Hastanesi Sistem Odas\u0131 Kurulumu [&hellip;]<\/p>\n","protected":false},"author":1,"featured_media":0,"parent":0,"menu_order":0,"comment_status":"closed","ping_status":"closed","template":"","meta":{"footnotes":""},"class_list":["post-37","page","type-page","status-publish","hentry"],"_links":{"self":[{"href":"https:\/\/ks1teknoloji.com\/index.php?rest_route=\/wp\/v2\/pages\/37","targetHints":{"allow":["GET"]}}],"collection":[{"href":"https:\/\/ks1teknoloji.com\/index.php?rest_route=\/wp\/v2\/pages"}],"about":[{"href":"https:\/\/ks1teknoloji.com\/index.php?rest_route=\/wp\/v2\/types\/page"}],"author":[{"embeddable":true,"href":"https:\/\/ks1teknoloji.com\/index.php?rest_route=\/wp\/v2\/users\/1"}],"replies":[{"embeddable":true,"href":"https:\/\/ks1teknoloji.com\/index.php?rest_route=%2Fwp%2Fv2%2Fcomments&post=37"}],"version-history":[{"count":80,"href":"https:\/\/ks1teknoloji.com\/index.php?rest_route=\/wp\/v2\/pages\/37\/revisions"}],"predecessor-version":[{"id":10819,"href":"https:\/\/ks1teknoloji.com\/index.php?rest_route=\/wp\/v2\/pages\/37\/revisions\/10819"}],"wp:attachment":[{"href":"https:\/\/ks1teknoloji.com\/index.php?rest_route=%2Fwp%2Fv2%2Fmedia&parent=37"}],"curies":[{"name":"wp","href":"https:\/\/api.w.org\/{rel}","templated":true}]}}